{"id":65,"date":"2021-01-11T04:58:56","date_gmt":"2021-01-11T04:58:56","guid":{"rendered":"https:\/\/bernhardkrusche.com\/?page_id=65"},"modified":"2024-05-10T07:53:30","modified_gmt":"2024-05-10T07:53:30","slug":"impressum","status":"publish","type":"page","link":"https:\/\/bernhardkrusche.com\/en\/impressum\/","title":{"rendered":"Imprint"},"content":{"rendered":"<p>[et_pb_section fb_built=&#8221;1&#8243; _builder_version=&#8221;4.16&#8243; global_colors_info=&#8221;{}&#8221;][et_pb_row _builder_version=&#8221;4.16&#8243; global_colors_info=&#8221;{}&#8221;][et_pb_column type=&#8221;4_4&#8243; _builder_version=&#8221;4.16&#8243; global_colors_info=&#8221;{}&#8221;][et_pb_text _builder_version=&#8221;4.16&#8243; global_colors_info=&#8221;{}&#8221;]<\/p>\n<p><strong>IMPRESSUM<\/strong><\/p>\n<p><strong>\u00a0<\/strong><\/p>\n<p><strong>Angaben gem\u00e4\u00df \u00a7 5 TMG:<\/strong><\/p>\n<p>Dr. Bernhard Krusche<\/p>\n<p>Lauswiesenweg 16<\/p>\n<p>D-72074 T\u00fcbingen<\/p>\n<p><strong>\u00a0<\/strong><\/p>\n<p><strong>Inhaber: <\/strong><\/p>\n<p>Dr. Bernhard Krusche<\/p>\n<p><strong>Kontakt:<\/strong><\/p>\n<p>E-Mail: <a href=\"mailto:email@krusche.online\">email@bernhardkrusche.com<\/a><\/p>\n<p><strong>Umsatzsteuer-ID:<\/strong><\/p>\n<p>Umsatzsteuer-Identifikationsnummer gem\u00e4\u00df \u00a727 a Umsatzsteuergesetz: DE189758869<\/p>\n<p>&nbsp;<\/p>\n<p><strong>Inhalt<\/strong><\/p>\n<p>Verantwortlich f\u00fcr den Inhalt nach \u00a7 55 Abs. 2 RStV: Dr. Bernhard Krusche<\/p>\n<p>&nbsp;<\/p>\n<p><strong>Streitschlichtung<\/strong><\/p>\n<p>Die Europ\u00e4ische Kommission stellt eine Plattform zur Online-Streitbeilegung (OS) bereit:\u00a0<a href=\"https:\/\/ec.europa.eu\/consumers\/odr\">https:\/\/ec.europa.eu\/consumers\/odr<\/a>.<\/p>\n<p>Unsere E-Mail-Adresse finden Sie oben im Impressum.<\/p>\n<p>Wir sind nicht bereit oder verpflichtet, an Streitbeilegungsverfahren vor einer Verbraucherschlichtungsstelle teilzunehmen.<\/p>\n<p>&nbsp;<\/p>\n<p>&nbsp;<\/p>\n<p>&nbsp;<\/p>\n<p><strong>Weitere rechtliche Hinweise<\/strong><\/p>\n<p><strong>Haftung f\u00fcr Inhalte<\/strong><\/p>\n<p>Als Diensteanbieter sind wir gem\u00e4\u00df \u00a7 7 Abs.1 TMG f\u00fcr eigene Inhalte auf dieser Website nach den allgemeinen Gesetzen verantwortlich. Nach \u00a7\u00a7 8 bis 10 TMG sind wir als Diensteanbieter jedoch nicht verpflichtet, \u00fcbermittelte oder gespeicherte fremde Informationen zu \u00fcberwachen oder nach Umst\u00e4nden zu forschen, die auf eine rechtswidrige T\u00e4tigkeit hinweisen.<\/p>\n<p>&nbsp;<\/p>\n<p>Die Verpflichtungen zur Entfernung oder Sperrung der Nutzung von Informationen nach den allgemeinen Gesetzen bleiben hiervon unber\u00fchrt. Eine diesbez\u00fcgliche Haftung ist jedoch grunds\u00e4tzlich erst ab dem Zeitpunkt der Kenntnis einer konkreten Rechtsverletzung m\u00f6glich. Bei Bekanntwerden von entsprechenden Rechtverletzungen werden wir diese Inhalte umgehend entfernen oder entsprechend anpassen.<\/p>\n<p>&nbsp;<\/p>\n<p><strong>Haftung f\u00fcr Links<\/strong><\/p>\n<p>Unsere Website enth\u00e4lt Links zu externen Websites Dritter, auf deren Inhalte wir keinen Einfluss haben. Deshalb k\u00f6nnen wir f\u00fcr diese fremden Inhalte auch keine Gew\u00e4hrleistung \u00fcbernehmen. F\u00fcr die Inhalte der verlinkten Websites ist stets der jeweilige Anbieter oder Websitebetreiber verantwortlich. Die von uns verlinkten Websites wurden zum Zeitpunkt der Verlinkung auf m\u00f6gliche Rechtsverst\u00f6\u00dfe \u00fcberpr\u00fcft. Rechtswidrige Inhalte waren zum Zeitpunkt der Verlinkung nicht erkennbar.<\/p>\n<p>&nbsp;<\/p>\n<p>Eine permanente inhaltliche Kontrolle der verlinkten Websites ist jedoch ohne konkrete Anhaltspunkte einer Rechtsverletzung nicht zumutbar. Daher weisen wir daraufhin, dass der Besuch von verlinkten Websites grunds\u00e4tzlich auf eigene Verantwortung geschieht. Bei Bekanntwerden von Rechtsverletzungen werden wir hiervon betroffene Links umgehend entfernen.<\/p>\n<p>&nbsp;<\/p>\n<p><strong>Urheberrecht<\/strong><\/p>\n<p>S\u00e4mtliche durch den Seitenbetreiber erstellten Inhalte und Werke auf dieser Website unterliegen dem deutschen Urheberrecht. Die Vervielf\u00e4ltigung, Bearbeitung, Verbreitung und jede Art der Verwertung au\u00dferhalb der Grenzen des Urheberrechtes bed\u00fcrfen der schriftlichen Zustimmung des jeweiligen Autors bzw. Erstellers. Downloads und Kopien dieser Website sowie einzelner Inhalte sind nur f\u00fcr den privaten, nicht kommerziellen Gebrauch gestattet.<\/p>\n<p>&nbsp;<\/p>\n<p>Soweit die Inhalte auf dieser Website nicht vom Betreiber erstellt wurden, werden die Urheberrechte Dritter entsprechend beachtet. Insbesondere werden Inhalte Dritter je nach Umfang der erworbenen oder anderweitig gew\u00e4hrten Nutzungsrechte als solche gekennzeichnet. Sollten Sie dennoch auf eine Urheberrechtsverletzung oder ungenaue Kennzeichnung aufmerksam werden, bitten wir um einen entsprechenden Hinweis. Bei Bekanntwerden von Rechtsverletzungen werden wir derartige Inhalte umgehend entfernen oder die Kennzeichnung entsprechend anpassen.<\/p>\n<p>&nbsp;<\/p>\n<p><strong>Datenschutz<\/strong><\/p>\n<p>Sie k\u00f6nnen unsere Website grunds\u00e4tzlich ohne Angabe personenbezogener Daten nutzen. Sofern auf unserer Website personenbezogene Daten (wie Name, Anschrift oder E-Mail-Adresse oder mithilfe von Cookies erhobene Nutzungsdaten) verarbeitet werden, erfolgt diese grunds\u00e4tzlich immer erst nach Ihrer freiwilligen und jederzeit widerrufbaren Einwilligung. Die personenbezogenen Daten werden nicht ohne Ihre ausdr\u00fcckliche Einwilligung an Dritte weitergegeben. Dr. Bernhard Krusche weist darauf hin, dass die Daten\u00fcbertragung im Internet (z.B. bei der Kommunikation per E-Mail) Sicherheitsl\u00fccken aufweisen kann. Soweit m\u00f6glich und angemessen haben wir insbesondere angemessene technische und organisatorische Ma\u00dfnahmen zum Schutz Ihrer Daten vor unberechtigtem Zugriff umgesetzt.<\/p>\n<p>&nbsp;<\/p>\n<p>Hiermit widersprechen wir ausdr\u00fccklich jeglicher Nutzung von im Rahmen der Impressumspflicht ver\u00f6ffentlichten Kontaktdaten durch Dritte zur \u00dcbermittlung von nicht angeforderter Werbung oder sonstigen Informationsmaterialien. Wir als Websitebetreiber halten uns im Falle der ungew\u00fcnschten Zusendung von Werbeinformationen, etwa mittels Spam-Mails, rechtliche Schritte vor.<\/p>\n<p>&nbsp;<\/p>\n<p>Weitere Informationen zum Datenschutz finden Sie in unserer <a href=\"https:\/\/krusche.online\/datenschutzerklaerung\/\">Datenschutzerkl\u00e4rung<\/a>.<\/p>\n<p>&nbsp;<\/p>\n<p>[\/et_pb_text][\/et_pb_column][\/et_pb_row][\/et_pb_section]<\/p>\n","protected":false},"excerpt":{"rendered":"<p>IMPRESSUM \u00a0 Angaben gem\u00e4\u00df \u00a7 5 TMG: Dr. Bernhard Krusche Lauswiesenweg 16 D-72074 T\u00fcbingen \u00a0 Inhaber: Dr. Bernhard Krusche Kontakt: E-Mail: email@bernhardkrusche.com Umsatzsteuer-ID: Umsatzsteuer-Identifikationsnummer gem\u00e4\u00df \u00a727 a Umsatzsteuergesetz: DE189758869 &nbsp; Inhalt Verantwortlich f\u00fcr den Inhalt nach \u00a7 55 Abs. 2 RStV: Dr. Bernhard Krusche &nbsp; Streitschlichtung Die Europ\u00e4ische Kommission stellt eine Plattform zur Online-Streitbeilegung (OS) [&hellip;]<\/p>\n","protected":false},"author":1,"featured_media":0,"parent":0,"menu_order":0,"comment_status":"closed","ping_status":"closed","template":"","meta":{"_et_pb_use_builder":"on","_et_pb_old_content":"","_et_gb_content_width":"","footnotes":""},"class_list":["post-65","page","type-page","status-publish","hentry"],"yoast_head":"<!-- This site is optimized with the Yoast SEO plugin v27.4 - https:\/\/yoast.com\/product\/yoast-seo-wordpress\/ -->\n<title>Impressum - Bernhard Krusche<\/title>\n<meta name=\"robots\" content=\"index, follow, max-snippet:-1, max-image-preview:large, max-video-preview:-1\" \/>\n<link rel=\"canonical\" href=\"https:\/\/bernhardkrusche.com\/en\/impressum\/\" \/>\n<meta property=\"og:locale\" content=\"en_US\" \/>\n<meta property=\"og:type\" content=\"article\" \/>\n<meta property=\"og:title\" content=\"Impressum - Bernhard Krusche\" \/>\n<meta property=\"og:description\" content=\"IMPRESSUM \u00a0 Angaben gem\u00e4\u00df \u00a7 5 TMG: Dr. Bernhard Krusche Lauswiesenweg 16 D-72074 T\u00fcbingen \u00a0 Inhaber: Dr. Bernhard Krusche Kontakt: E-Mail: email@bernhardkrusche.com Umsatzsteuer-ID: Umsatzsteuer-Identifikationsnummer gem\u00e4\u00df \u00a727 a Umsatzsteuergesetz: DE189758869 &nbsp; Inhalt Verantwortlich f\u00fcr den Inhalt nach \u00a7 55 Abs. 2 RStV: Dr. Bernhard Krusche &nbsp; Streitschlichtung Die Europ\u00e4ische Kommission stellt eine Plattform zur Online-Streitbeilegung (OS) [&hellip;]\" \/>\n<meta property=\"og:url\" content=\"https:\/\/bernhardkrusche.com\/en\/impressum\/\" \/>\n<meta property=\"og:site_name\" content=\"Bernhard Krusche\" \/>\n<meta property=\"article:modified_time\" content=\"2024-05-10T07:53:30+00:00\" \/>\n<meta name=\"twitter:card\" content=\"summary_large_image\" \/>\n<meta name=\"twitter:label1\" content=\"Est. reading time\" \/>\n\t<meta name=\"twitter:data1\" content=\"3 minutes\" \/>\n<script type=\"application\/ld+json\" class=\"yoast-schema-graph\">{\"@context\":\"https:\\\/\\\/schema.org\",\"@graph\":[{\"@type\":\"WebPage\",\"@id\":\"https:\\\/\\\/bernhardkrusche.com\\\/impressum\\\/\",\"url\":\"https:\\\/\\\/bernhardkrusche.com\\\/impressum\\\/\",\"name\":\"Impressum - Bernhard Krusche\",\"isPartOf\":{\"@id\":\"https:\\\/\\\/bernhardkrusche.com\\\/#website\"},\"datePublished\":\"2021-01-11T04:58:56+00:00\",\"dateModified\":\"2024-05-10T07:53:30+00:00\",\"breadcrumb\":{\"@id\":\"https:\\\/\\\/bernhardkrusche.com\\\/impressum\\\/#breadcrumb\"},\"inLanguage\":\"en-US\",\"potentialAction\":[{\"@type\":\"ReadAction\",\"target\":[\"https:\\\/\\\/bernhardkrusche.com\\\/impressum\\\/\"]}]},{\"@type\":\"BreadcrumbList\",\"@id\":\"https:\\\/\\\/bernhardkrusche.com\\\/impressum\\\/#breadcrumb\",\"itemListElement\":[{\"@type\":\"ListItem\",\"position\":1,\"name\":\"Startseite\",\"item\":\"https:\\\/\\\/bernhardkrusche.com\\\/\"},{\"@type\":\"ListItem\",\"position\":2,\"name\":\"Impressum\"}]},{\"@type\":\"WebSite\",\"@id\":\"https:\\\/\\\/bernhardkrusche.com\\\/#website\",\"url\":\"https:\\\/\\\/bernhardkrusche.com\\\/\",\"name\":\"Bernhard Krusche\",\"description\":\"Bernhard Krusche\",\"potentialAction\":[{\"@type\":\"SearchAction\",\"target\":{\"@type\":\"EntryPoint\",\"urlTemplate\":\"https:\\\/\\\/bernhardkrusche.com\\\/?s={search_term_string}\"},\"query-input\":{\"@type\":\"PropertyValueSpecification\",\"valueRequired\":true,\"valueName\":\"search_term_string\"}}],\"inLanguage\":\"en-US\"}]}<\/script>\n<!-- \/ Yoast SEO plugin. -->","yoast_head_json":{"title":"Impressum - Bernhard Krusche","robots":{"index":"index","follow":"follow","max-snippet":"max-snippet:-1","max-image-preview":"max-image-preview:large","max-video-preview":"max-video-preview:-1"},"canonical":"https:\/\/bernhardkrusche.com\/en\/impressum\/","og_locale":"en_US","og_type":"article","og_title":"Impressum - Bernhard Krusche","og_description":"IMPRESSUM \u00a0 Angaben gem\u00e4\u00df \u00a7 5 TMG: Dr. Bernhard Krusche Lauswiesenweg 16 D-72074 T\u00fcbingen \u00a0 Inhaber: Dr. Bernhard Krusche Kontakt: E-Mail: email@bernhardkrusche.com Umsatzsteuer-ID: Umsatzsteuer-Identifikationsnummer gem\u00e4\u00df \u00a727 a Umsatzsteuergesetz: DE189758869 &nbsp; Inhalt Verantwortlich f\u00fcr den Inhalt nach \u00a7 55 Abs. 2 RStV: Dr. Bernhard Krusche &nbsp; Streitschlichtung Die Europ\u00e4ische Kommission stellt eine Plattform zur Online-Streitbeilegung (OS) [&hellip;]","og_url":"https:\/\/bernhardkrusche.com\/en\/impressum\/","og_site_name":"Bernhard Krusche","article_modified_time":"2024-05-10T07:53:30+00:00","twitter_card":"summary_large_image","twitter_misc":{"Est. reading time":"3 minutes"},"schema":{"@context":"https:\/\/schema.org","@graph":[{"@type":"WebPage","@id":"https:\/\/bernhardkrusche.com\/impressum\/","url":"https:\/\/bernhardkrusche.com\/impressum\/","name":"Impressum - Bernhard Krusche","isPartOf":{"@id":"https:\/\/bernhardkrusche.com\/#website"},"datePublished":"2021-01-11T04:58:56+00:00","dateModified":"2024-05-10T07:53:30+00:00","breadcrumb":{"@id":"https:\/\/bernhardkrusche.com\/impressum\/#breadcrumb"},"inLanguage":"en-US","potentialAction":[{"@type":"ReadAction","target":["https:\/\/bernhardkrusche.com\/impressum\/"]}]},{"@type":"BreadcrumbList","@id":"https:\/\/bernhardkrusche.com\/impressum\/#breadcrumb","itemListElement":[{"@type":"ListItem","position":1,"name":"Startseite","item":"https:\/\/bernhardkrusche.com\/"},{"@type":"ListItem","position":2,"name":"Impressum"}]},{"@type":"WebSite","@id":"https:\/\/bernhardkrusche.com\/#website","url":"https:\/\/bernhardkrusche.com\/","name":"Bernhard Krusche","description":"Bernhard Krusche","potentialAction":[{"@type":"SearchAction","target":{"@type":"EntryPoint","urlTemplate":"https:\/\/bernhardkrusche.com\/?s={search_term_string}"},"query-input":{"@type":"PropertyValueSpecification","valueRequired":true,"valueName":"search_term_string"}}],"inLanguage":"en-US"}]}},"_links":{"self":[{"href":"https:\/\/bernhardkrusche.com\/en\/wp-json\/wp\/v2\/pages\/65","targetHints":{"allow":["GET"]}}],"collection":[{"href":"https:\/\/bernhardkrusche.com\/en\/wp-json\/wp\/v2\/pages"}],"about":[{"href":"https:\/\/bernhardkrusche.com\/en\/wp-json\/wp\/v2\/types\/page"}],"author":[{"embeddable":true,"href":"https:\/\/bernhardkrusche.com\/en\/wp-json\/wp\/v2\/users\/1"}],"replies":[{"embeddable":true,"href":"https:\/\/bernhardkrusche.com\/en\/wp-json\/wp\/v2\/comments?post=65"}],"version-history":[{"count":4,"href":"https:\/\/bernhardkrusche.com\/en\/wp-json\/wp\/v2\/pages\/65\/revisions"}],"predecessor-version":[{"id":498,"href":"https:\/\/bernhardkrusche.com\/en\/wp-json\/wp\/v2\/pages\/65\/revisions\/498"}],"wp:attachment":[{"href":"https:\/\/bernhardkrusche.com\/en\/wp-json\/wp\/v2\/media?parent=65"}],"curies":[{"name":"wp","href":"https:\/\/api.w.org\/{rel}","templated":true}]}}