{"id":45,"date":"2021-01-11T04:53:25","date_gmt":"2021-01-11T04:53:25","guid":{"rendered":"https:\/\/bernhardkrusche.com\/?page_id=45"},"modified":"2024-05-10T09:06:04","modified_gmt":"2024-05-10T09:06:04","slug":"publikationen","status":"publish","type":"page","link":"https:\/\/bernhardkrusche.com\/en\/publikationen\/","title":{"rendered":"Publications"},"content":{"rendered":"<p>[et_pb_section fb_built=&#8221;1&#8243; fullwidth=&#8221;on&#8221; _builder_version=&#8221;4.16&#8243; global_colors_info=&#8221;{}&#8221;][et_pb_fullwidth_image src=&#8221;https:\/\/bernhardkrusche.com\/media\/2021\/01\/neu1-1.jpg&#8221; _builder_version=&#8221;4.16&#8243; global_colors_info=&#8221;{}&#8221;][\/et_pb_fullwidth_image][\/et_pb_section][et_pb_section fb_built=&#8221;1&#8243; _builder_version=&#8221;4.16&#8243; background_color_gradient_direction=&#8221;90deg&#8221; custom_padding=&#8221;0px|0px|0px|0px|true|false&#8221; global_colors_info=&#8221;{}&#8221;][et_pb_row column_structure=&#8221;1_3,2_3&#8243; _builder_version=&#8221;4.24.0&#8243; min_height=&#8221;875px&#8221; custom_margin=&#8221;2px|auto|-181px|auto||&#8221; custom_padding=&#8221;18px||0px|||&#8221; border_color_bottom=&#8221;rgba(38,106,127,0.59)&#8221; locked=&#8221;off&#8221; global_colors_info=&#8221;{}&#8221;][et_pb_column type=&#8221;1_3&#8243; _builder_version=&#8221;4.16&#8243; global_colors_info=&#8221;{}&#8221;][et_pb_text _builder_version=&#8221;4.16&#8243; header_font=&#8221;Stardos Stencil|600|||||||&#8221; header_text_color=&#8221;rgba(38,106,127,0.59)&#8221; header_line_height=&#8221;1.2em&#8221; header_2_font=&#8221;Nunito Sans|800|||||||&#8221; header_2_text_color=&#8221;#297FCA&#8221; header_2_font_size=&#8221;60px&#8221; custom_padding=&#8221;43px|||17px||&#8221; animation_style=&#8221;fade&#8221; animation_duration=&#8221;1700ms&#8221; animation_delay=&#8221;450ms&#8221; header_font_size_tablet=&#8221;&#8221; header_font_size_phone=&#8221;25px&#8221; header_font_size_last_edited=&#8221;on|desktop&#8221; global_colors_info=&#8221;{}&#8221;]<\/p>\n<h1><span style=\"color: rgba(38, 106, 127, 0.76);\">\u00a0&#8220;Lesen ist Sex f\u00fcrs Gehirn. Manchmal anstrengend, aber nie langweilig. Und gut f\u00fcr den Teint.&#8221;<\/span><\/h1>\n<p>[\/et_pb_text][et_pb_image src=&#8221;https:\/\/bernhardkrusche.com\/media\/2021\/01\/Bernhard-Krusche_Publikationen_1.jpg&#8221; align_tablet=&#8221;center&#8221; align_phone=&#8221;&#8221; align_last_edited=&#8221;on|desktop&#8221; _builder_version=&#8221;4.16&#8243; animation_style=&#8221;slide&#8221; box_shadow_style=&#8221;preset2&#8243; box_shadow_color=&#8221;rgba(0,0,0,0.08)&#8221; global_colors_info=&#8221;{}&#8221;][\/et_pb_image][\/et_pb_column][et_pb_column type=&#8221;2_3&#8243; _builder_version=&#8221;4.16&#8243; global_colors_info=&#8221;{}&#8221;][et_pb_blurb icon_placement=&#8221;left&#8221; content_max_width=&#8221;100%&#8221; _builder_version=&#8221;4.16&#8243; header_font=&#8221;||||||||&#8221; header_font_size=&#8221;13px&#8221; header_line_height=&#8221;-0.3em&#8221; body_font=&#8221;Stardos Stencil|300|||||||&#8221; body_text_color=&#8221;rgba(38,106,127,0.59)&#8221; body_font_size=&#8221;19px&#8221; body_line_height=&#8221;1.8em&#8221; custom_margin=&#8221;||15px|||&#8221; custom_padding=&#8221;41px|54px|40px|43px||&#8221; custom_padding_tablet=&#8221;41px|11px|39px|6px||&#8221; custom_padding_phone=&#8221;41px|2px|21px|0px||&#8221; custom_padding_last_edited=&#8221;on|phone&#8221; animation=&#8221;off&#8221; border_width_left=&#8221;1px&#8221; border_color_left=&#8221;rgba(38,106,127,0.76)&#8221; border_width_left_tablet=&#8221;0px&#8221; border_width_left_phone=&#8221;&#8221; border_width_left_last_edited=&#8221;on|tablet&#8221; global_colors_info=&#8221;{}&#8221;]<\/p>\n<p>Die Leser seichter Groschenromane sind bei Bernhard Krusche fehl am Platz. Der Autor bringt die Grenzen zwischen Ethnologie, Unternehmenskultur, Gesellschaft und Zusammenleben zum Tanzen.<o:p><\/o:p><\/p>\n<p>Derzeit schreibt er an seinem neuesten Werk, das Mut macht, die Zukunft aktiv zu gestalten.\u00a0<\/p>\n<p><span><\/span><\/p>\n<p><span>Bis zum Erscheinen seines neuen Buches k\u00f6nnen Sie bei\u00a0<\/span><strong><a href=\"https:\/\/amzn.to\/2KfnT2R\" target=\"_blank\" rel=\"noopener noreferrer\"><span>Amazon<\/span><\/a><\/strong><span>\u00a0in Bernhard Krusches Fundus st\u00f6bern. Denn w\u00e4hrend seiner Lehrt\u00e4tigkeiten an verschiedenen Universit\u00e4ten entdeckte Bernhard Krusche den Reiz des Erfahrungsaustausches f\u00fcr sich. Seitdem liebt er es, seine eigenen Gedanken mit neugierigen Menschen zu teilen, sie gemeinsam zu sch\u00e4rfen und dabei f\u00fcr die ein oder andere \u00dcberraschung zu sorgen. In diesem Kontext sind seine Fachb\u00fccher entstanden.\u00a0<\/span><span>Oder bl\u00e4ttern Sie hier durch einige seiner Artikel im REVUE-Magazin. Als Herausgeber war es stets sein Anliegen, die Leser zum Vor- und Nachdenken anzuregen.<\/span><\/p>\n<p>[\/et_pb_blurb][\/et_pb_column][\/et_pb_row][\/et_pb_section][et_pb_section fb_built=&#8221;1&#8243; custom_padding_last_edited=&#8221;on|phone&#8221; admin_label=&#8221;Quote Text Section&#8221; _builder_version=&#8221;4.16&#8243; background_color=&#8221;#ededed&#8221; background_color_gradient_direction=&#8221;90deg&#8221; background_position=&#8221;center_right&#8221; custom_margin=&#8221;170px||||false|false&#8221; custom_margin_tablet=&#8221;180px||||false|false&#8221; custom_margin_phone=&#8221;&#8221; custom_margin_last_edited=&#8221;on|desktop&#8221; custom_padding=&#8221;83px||83px||true|false&#8221; custom_padding_tablet=&#8221;47px||47px||true|false&#8221; custom_padding_phone=&#8221;&#8221; locked=&#8221;off&#8221; global_colors_info=&#8221;{}&#8221;][et_pb_row admin_label=&#8221;Quote Text Area&#8221; _builder_version=&#8221;4.16&#8243; min_height=&#8221;281px&#8221; custom_margin=&#8221;-145px|auto|-120px|auto||&#8221; custom_padding=&#8221;13px||0px|||&#8221; animation_style=&#8221;slide&#8221; animation_direction=&#8221;left&#8221; global_colors_info=&#8221;{}&#8221;][et_pb_column type=&#8221;4_4&#8243; _builder_version=&#8221;4.16&#8243; custom_padding=&#8221;|||&#8221; global_colors_info=&#8221;{}&#8221; custom_padding__hover=&#8221;|||&#8221;][et_pb_text _builder_version=&#8221;4.16&#8243; header_font=&#8221;Stardos Stencil|600|||||||&#8221; header_text_color=&#8221;rgba(38,106,127,0.59)&#8221; header_font_size=&#8221;33px&#8221; header_line_height=&#8221;1.2em&#8221; header_2_font=&#8221;Nunito Sans|800|||||||&#8221; header_2_text_color=&#8221;#297FCA&#8221; header_2_font_size=&#8221;60px&#8221; custom_margin=&#8221;100px||38px||false|false&#8221; custom_margin_tablet=&#8221;36px||42px||false|false&#8221; custom_margin_phone=&#8221;50px||||false|false&#8221; custom_margin_last_edited=&#8221;on|tablet&#8221; custom_padding=&#8221;0px||0px||false|false&#8221; header_font_size_tablet=&#8221;&#8221; header_font_size_phone=&#8221;25px&#8221; header_font_size_last_edited=&#8221;on|desktop&#8221; global_colors_info=&#8221;{}&#8221;]<\/p>\n<h1 style=\"text-align: center;\"><span>Lesen hilft!<\/span><\/h1>\n<p>[\/et_pb_text][\/et_pb_column][\/et_pb_row][\/et_pb_section][et_pb_section fb_built=&#8221;1&#8243; disabled_on=&#8221;on|on|off&#8221; _builder_version=&#8221;4.25.1&#8243; _module_preset=&#8221;default&#8221; background_enable_color=&#8221;off&#8221; custom_padding=&#8221;48px||19px|||&#8221; hover_enabled=&#8221;0&#8243; locked=&#8221;off&#8221; global_colors_info=&#8221;{}&#8221; sticky_enabled=&#8221;0&#8243;][et_pb_row column_structure=&#8221;1_6,1_6,1_6,1_6,1_6,1_6&#8243; _builder_version=&#8221;4.24.0&#8243; _module_preset=&#8221;default&#8221; module_alignment=&#8221;center&#8221; custom_margin=&#8221;|auto|46px|auto||&#8221; custom_padding=&#8221;0px||0px|||&#8221; global_colors_info=&#8221;{}&#8221;][et_pb_column type=&#8221;1_6&#8243; _builder_version=&#8221;4.16&#8243; _module_preset=&#8221;default&#8221; global_colors_info=&#8221;{}&#8221;][et_pb_image src=&#8221;https:\/\/bernhardkrusche.com\/media\/2024\/05\/R11_Cover-1-pdf.jpg&#8221; title_text=&#8221;R11_Cover&#8221; url=&#8221;https:\/\/www.1kserver.com\/5fe325b57222b&#8221; url_new_window=&#8221;on&#8221; _builder_version=&#8221;4.16&#8243; _module_preset=&#8221;default&#8221; custom_margin=&#8221;|-15px||-18px||&#8221; custom_padding=&#8221;||3px|||&#8221; global_colors_info=&#8221;{}&#8221; transform_styles__hover_enabled=&#8221;on|hover&#8221; transform_scale__hover_enabled=&#8221;on|hover&#8221; transform_translate__hover_enabled=&#8221;on|desktop&#8221; transform_rotate__hover_enabled=&#8221;on|desktop&#8221; transform_skew__hover_enabled=&#8221;on|desktop&#8221; transform_origin__hover_enabled=&#8221;on|desktop&#8221; transform_scale__hover=&#8221;124%|124%&#8221;][\/et_pb_image][\/et_pb_column][et_pb_column type=&#8221;1_6&#8243; _builder_version=&#8221;4.16&#8243; _module_preset=&#8221;default&#8221; global_colors_info=&#8221;{}&#8221;][et_pb_image src=&#8221;https:\/\/bernhardkrusche.com\/media\/2021\/01\/pub-2.jpg&#8221; title_text=&#8221;pub-2&#8243; url=&#8221;https:\/\/www.1kserver.com\/5fe38c6d65dc3&#8243; url_new_window=&#8221;on&#8221; _builder_version=&#8221;4.16&#8243; _module_preset=&#8221;default&#8221; custom_margin=&#8221;|-15px||-18px||&#8221; global_colors_info=&#8221;{}&#8221; transform_styles__hover_enabled=&#8221;on|hover&#8221; transform_scale__hover=&#8221;124%|124%&#8221; transform_scale__hover_enabled=&#8221;on|hover&#8221; transform_translate__hover_enabled=&#8221;on|desktop&#8221; transform_rotate__hover_enabled=&#8221;on|desktop&#8221; transform_skew__hover_enabled=&#8221;on|desktop&#8221; transform_origin__hover_enabled=&#8221;on|desktop&#8221;][\/et_pb_image][\/et_pb_column][et_pb_column type=&#8221;1_6&#8243; _builder_version=&#8221;4.16&#8243; _module_preset=&#8221;default&#8221; global_colors_info=&#8221;{}&#8221;][et_pb_image src=&#8221;https:\/\/bernhardkrusche.com\/media\/2021\/01\/pub-1.jpg&#8221; title_text=&#8221;pub-1&#8243; url=&#8221;https:\/\/www.1kserver.com\/5fe326e55669a&#8221; url_new_window=&#8221;on&#8221; _builder_version=&#8221;4.16&#8243; _module_preset=&#8221;default&#8221; custom_margin=&#8221;|-15px||-18px||&#8221; global_colors_info=&#8221;{}&#8221; transform_styles__hover_enabled=&#8221;on|hover&#8221; transform_scale__hover=&#8221;124%|124%&#8221; transform_scale__hover_enabled=&#8221;on|hover&#8221; transform_translate__hover_enabled=&#8221;on|desktop&#8221; transform_rotate__hover_enabled=&#8221;on|desktop&#8221; transform_skew__hover_enabled=&#8221;on|desktop&#8221; transform_origin__hover_enabled=&#8221;on|desktop&#8221;][\/et_pb_image][\/et_pb_column][et_pb_column type=&#8221;1_6&#8243; _builder_version=&#8221;4.16&#8243; _module_preset=&#8221;default&#8221; global_colors_info=&#8221;{}&#8221;][et_pb_image src=&#8221;https:\/\/bernhardkrusche.com\/media\/2021\/01\/pub-4.jpg&#8221; title_text=&#8221;pub-4&#8243; url=&#8221;https:\/\/www.1kserver.com\/5fe32887ca082&#8243; url_new_window=&#8221;on&#8221; _builder_version=&#8221;4.16&#8243; _module_preset=&#8221;default&#8221; custom_margin=&#8221;|-15px||-18px||&#8221; global_colors_info=&#8221;{}&#8221; transform_styles__hover_enabled=&#8221;on|hover&#8221; transform_scale__hover=&#8221;124%|124%&#8221; transform_scale__hover_enabled=&#8221;on|hover&#8221; transform_translate__hover_enabled=&#8221;on|desktop&#8221; transform_rotate__hover_enabled=&#8221;on|desktop&#8221; transform_skew__hover_enabled=&#8221;on|desktop&#8221; transform_origin__hover_enabled=&#8221;on|desktop&#8221;][\/et_pb_image][\/et_pb_column][et_pb_column type=&#8221;1_6&#8243; _builder_version=&#8221;4.16&#8243; _module_preset=&#8221;default&#8221; global_colors_info=&#8221;{}&#8221;][et_pb_image src=&#8221;https:\/\/bernhardkrusche.com\/media\/2021\/01\/pub-3.jpg&#8221; title_text=&#8221;pub-3&#8243; url=&#8221;https:\/\/www.1kserver.com\/5fe329a76aa3d&#8221; url_new_window=&#8221;on&#8221; _builder_version=&#8221;4.16&#8243; _module_preset=&#8221;default&#8221; custom_margin=&#8221;|-15px||-18px||&#8221; global_colors_info=&#8221;{}&#8221; transform_styles__hover_enabled=&#8221;on|hover&#8221; transform_scale__hover=&#8221;124%|124%&#8221; transform_scale__hover_enabled=&#8221;on|hover&#8221; transform_translate__hover_enabled=&#8221;on|desktop&#8221; transform_rotate__hover_enabled=&#8221;on|desktop&#8221; transform_skew__hover_enabled=&#8221;on|desktop&#8221; transform_origin__hover_enabled=&#8221;on|desktop&#8221;][\/et_pb_image][\/et_pb_column][et_pb_column type=&#8221;1_6&#8243; _builder_version=&#8221;4.16&#8243; _module_preset=&#8221;default&#8221; global_colors_info=&#8221;{}&#8221;][et_pb_image src=&#8221;https:\/\/bernhardkrusche.com\/media\/2024\/05\/0001-scaled-1.jpg&#8221; title_text=&#8221;0001&#8243; url=&#8221;https:\/\/www.1kserver.com\/5fe32aab290d4&#8243; url_new_window=&#8221;on&#8221; _builder_version=&#8221;4.16&#8243; _module_preset=&#8221;default&#8221; custom_margin=&#8221;|-15px||-20px||&#8221; global_colors_info=&#8221;{}&#8221; transform_styles__hover_enabled=&#8221;on|hover&#8221; transform_scale__hover=&#8221;124%|124%&#8221; transform_scale__hover_enabled=&#8221;on|hover&#8221; transform_translate__hover_enabled=&#8221;on|desktop&#8221; transform_rotate__hover_enabled=&#8221;on|desktop&#8221; transform_skew__hover_enabled=&#8221;on|desktop&#8221; transform_origin__hover_enabled=&#8221;on|desktop&#8221;][\/et_pb_image][\/et_pb_column][\/et_pb_row][\/et_pb_section][et_pb_section fb_built=&#8221;1&#8243; disabled_on=&#8221;off|off|on&#8221; _builder_version=&#8221;4.25.1&#8243; _module_preset=&#8221;default&#8221; background_enable_color=&#8221;off&#8221; custom_padding=&#8221;48px||19px|||&#8221; hover_enabled=&#8221;0&#8243; locked=&#8221;off&#8221; global_colors_info=&#8221;{}&#8221; sticky_enabled=&#8221;0&#8243;][et_pb_row column_structure=&#8221;1_6,1_6,1_6,1_6,1_6,1_6&#8243; _builder_version=&#8221;4.24.0&#8243; _module_preset=&#8221;default&#8221; module_alignment=&#8221;center&#8221; custom_margin=&#8221;|auto|46px|auto||&#8221; custom_padding=&#8221;0px||0px|||&#8221; global_colors_info=&#8221;{}&#8221;][et_pb_column type=&#8221;1_6&#8243; _builder_version=&#8221;4.16&#8243; _module_preset=&#8221;default&#8221; global_colors_info=&#8221;{}&#8221;][et_pb_image src=&#8221;https:\/\/bernhardkrusche.com\/media\/2024\/05\/R11_Cover-1-pdf.jpg&#8221; title_text=&#8221;R11_Cover&#8221; url=&#8221;https:\/\/www.1kserver.com\/5fe325b57222b&#8221; url_new_window=&#8221;on&#8221; _builder_version=&#8221;4.25.1&#8243; _module_preset=&#8221;default&#8221; custom_margin=&#8221;|-15px||-18px||&#8221; custom_padding=&#8221;||3px|||&#8221; global_colors_info=&#8221;{}&#8221; transform_styles__hover_enabled=&#8221;off|desktop&#8221; transform_scale__hover_enabled=&#8221;off|desktop&#8221; transform_translate__hover_enabled=&#8221;off|desktop&#8221; transform_rotate__hover_enabled=&#8221;off|desktop&#8221; transform_skew__hover_enabled=&#8221;off|desktop&#8221; transform_origin__hover_enabled=&#8221;off|desktop&#8221; transform_scale__hover=&#8221;124%|124%&#8221;][\/et_pb_image][\/et_pb_column][et_pb_column type=&#8221;1_6&#8243; _builder_version=&#8221;4.16&#8243; _module_preset=&#8221;default&#8221; global_colors_info=&#8221;{}&#8221;][et_pb_image src=&#8221;https:\/\/bernhardkrusche.com\/media\/2021\/01\/pub-2.jpg&#8221; title_text=&#8221;pub-2&#8243; url=&#8221;https:\/\/www.1kserver.com\/5fe38c6d65dc3&#8243; url_new_window=&#8221;on&#8221; _builder_version=&#8221;4.25.1&#8243; _module_preset=&#8221;default&#8221; custom_margin=&#8221;|-15px||-18px||&#8221; global_colors_info=&#8221;{}&#8221; transform_styles__hover_enabled=&#8221;off|desktop&#8221; transform_scale__hover=&#8221;124%|124%&#8221; transform_scale__hover_enabled=&#8221;off|desktop&#8221; transform_translate__hover_enabled=&#8221;off|desktop&#8221; transform_rotate__hover_enabled=&#8221;off|desktop&#8221; transform_skew__hover_enabled=&#8221;off|desktop&#8221; transform_origin__hover_enabled=&#8221;off|desktop&#8221;][\/et_pb_image][\/et_pb_column][et_pb_column type=&#8221;1_6&#8243; _builder_version=&#8221;4.16&#8243; _module_preset=&#8221;default&#8221; global_colors_info=&#8221;{}&#8221;][et_pb_image src=&#8221;https:\/\/bernhardkrusche.com\/media\/2021\/01\/pub-1.jpg&#8221; title_text=&#8221;pub-1&#8243; url=&#8221;https:\/\/www.1kserver.com\/5fe326e55669a&#8221; url_new_window=&#8221;on&#8221; _builder_version=&#8221;4.25.1&#8243; _module_preset=&#8221;default&#8221; custom_margin=&#8221;|-15px||-18px||&#8221; global_colors_info=&#8221;{}&#8221; transform_styles__hover_enabled=&#8221;off|desktop&#8221; transform_scale__hover=&#8221;124%|124%&#8221; transform_scale__hover_enabled=&#8221;off|desktop&#8221; transform_translate__hover_enabled=&#8221;off|desktop&#8221; transform_rotate__hover_enabled=&#8221;off|desktop&#8221; transform_skew__hover_enabled=&#8221;off|desktop&#8221; transform_origin__hover_enabled=&#8221;off|desktop&#8221;][\/et_pb_image][\/et_pb_column][et_pb_column type=&#8221;1_6&#8243; _builder_version=&#8221;4.16&#8243; _module_preset=&#8221;default&#8221; global_colors_info=&#8221;{}&#8221;][et_pb_image src=&#8221;https:\/\/bernhardkrusche.com\/media\/2021\/01\/pub-4.jpg&#8221; title_text=&#8221;pub-4&#8243; url=&#8221;https:\/\/www.1kserver.com\/5fe32887ca082&#8243; url_new_window=&#8221;on&#8221; _builder_version=&#8221;4.25.1&#8243; _module_preset=&#8221;default&#8221; custom_margin=&#8221;|-15px||-18px||&#8221; global_colors_info=&#8221;{}&#8221; transform_styles__hover_enabled=&#8221;off|desktop&#8221; transform_scale__hover=&#8221;124%|124%&#8221; transform_scale__hover_enabled=&#8221;off|desktop&#8221; transform_translate__hover_enabled=&#8221;off|desktop&#8221; transform_rotate__hover_enabled=&#8221;off|desktop&#8221; transform_skew__hover_enabled=&#8221;off|desktop&#8221; transform_origin__hover_enabled=&#8221;off|desktop&#8221;][\/et_pb_image][\/et_pb_column][et_pb_column type=&#8221;1_6&#8243; _builder_version=&#8221;4.16&#8243; _module_preset=&#8221;default&#8221; global_colors_info=&#8221;{}&#8221;][et_pb_image src=&#8221;https:\/\/bernhardkrusche.com\/media\/2021\/01\/pub-3.jpg&#8221; title_text=&#8221;pub-3&#8243; url=&#8221;https:\/\/www.1kserver.com\/5fe329a76aa3d&#8221; url_new_window=&#8221;on&#8221; _builder_version=&#8221;4.25.1&#8243; _module_preset=&#8221;default&#8221; custom_margin=&#8221;|-15px||-18px||&#8221; global_colors_info=&#8221;{}&#8221; transform_styles__hover_enabled=&#8221;off|desktop&#8221; transform_scale__hover=&#8221;124%|124%&#8221; transform_scale__hover_enabled=&#8221;off|desktop&#8221; transform_translate__hover_enabled=&#8221;off|desktop&#8221; transform_rotate__hover_enabled=&#8221;off|desktop&#8221; transform_skew__hover_enabled=&#8221;off|desktop&#8221; transform_origin__hover_enabled=&#8221;off|desktop&#8221;][\/et_pb_image][\/et_pb_column][et_pb_column type=&#8221;1_6&#8243; _builder_version=&#8221;4.16&#8243; _module_preset=&#8221;default&#8221; global_colors_info=&#8221;{}&#8221;][et_pb_image src=&#8221;https:\/\/bernhardkrusche.com\/media\/2024\/05\/0001-scaled-1.jpg&#8221; title_text=&#8221;0001&#8243; url=&#8221;https:\/\/www.1kserver.com\/5fe32aab290d4&#8243; url_new_window=&#8221;on&#8221; _builder_version=&#8221;4.25.1&#8243; _module_preset=&#8221;default&#8221; custom_margin=&#8221;|-15px||-20px||&#8221; global_colors_info=&#8221;{}&#8221; transform_styles__hover_enabled=&#8221;off|desktop&#8221; transform_scale__hover=&#8221;124%|124%&#8221; transform_scale__hover_enabled=&#8221;off|desktop&#8221; transform_translate__hover_enabled=&#8221;off|desktop&#8221; transform_rotate__hover_enabled=&#8221;off|desktop&#8221; transform_skew__hover_enabled=&#8221;off|desktop&#8221; transform_origin__hover_enabled=&#8221;off|desktop&#8221;][\/et_pb_image][\/et_pb_column][\/et_pb_row][\/et_pb_section]<\/p>\n","protected":false},"excerpt":{"rendered":"<p>\u00a0&#8220;Lesen ist Sex f\u00fcrs Gehirn. Manchmal anstrengend, aber nie langweilig. Und gut f\u00fcr den Teint.&#8221;Die Leser seichter Groschenromane sind bei Bernhard Krusche fehl am Platz. Der Autor bringt die Grenzen zwischen Ethnologie, Unternehmenskultur, Gesellschaft und Zusammenleben zum Tanzen. Derzeit schreibt er an seinem neuesten Werk, das Mut macht, die Zukunft aktiv zu gestalten.\u00a0 Bis zum [&hellip;]<\/p>\n","protected":false},"author":1,"featured_media":0,"parent":0,"menu_order":0,"comment_status":"closed","ping_status":"closed","template":"","meta":{"_et_pb_use_builder":"on","_et_pb_old_content":"","_et_gb_content_width":"","footnotes":""},"class_list":["post-45","page","type-page","status-publish","hentry"],"yoast_head":"<!-- This site is optimized with the Yoast SEO plugin v27.4 - https:\/\/yoast.com\/product\/yoast-seo-wordpress\/ -->\n<title>Publikationen - Bernhard Krusche<\/title>\n<meta name=\"robots\" content=\"index, follow, max-snippet:-1, max-image-preview:large, max-video-preview:-1\" \/>\n<link rel=\"canonical\" href=\"https:\/\/bernhardkrusche.com\/en\/publikationen\/\" \/>\n<meta property=\"og:locale\" content=\"en_US\" \/>\n<meta property=\"og:type\" content=\"article\" \/>\n<meta property=\"og:title\" content=\"Publikationen - Bernhard Krusche\" \/>\n<meta property=\"og:description\" content=\"\u00a0&quot;Lesen ist Sex f\u00fcrs Gehirn. Manchmal anstrengend, aber nie langweilig. Und gut f\u00fcr den Teint.&quot;Die Leser seichter Groschenromane sind bei Bernhard Krusche fehl am Platz. Der Autor bringt die Grenzen zwischen Ethnologie, Unternehmenskultur, Gesellschaft und Zusammenleben zum Tanzen. Derzeit schreibt er an seinem neuesten Werk, das Mut macht, die Zukunft aktiv zu gestalten.\u00a0 Bis zum [&hellip;]\" \/>\n<meta property=\"og:url\" content=\"https:\/\/bernhardkrusche.com\/en\/publikationen\/\" \/>\n<meta property=\"og:site_name\" content=\"Bernhard Krusche\" \/>\n<meta property=\"article:modified_time\" content=\"2024-05-10T09:06:04+00:00\" \/>\n<meta name=\"twitter:card\" content=\"summary_large_image\" \/>\n<meta name=\"twitter:label1\" content=\"Est. reading time\" \/>\n\t<meta name=\"twitter:data1\" content=\"10 minutes\" \/>\n<script type=\"application\/ld+json\" class=\"yoast-schema-graph\">{\"@context\":\"https:\\\/\\\/schema.org\",\"@graph\":[{\"@type\":\"WebPage\",\"@id\":\"https:\\\/\\\/bernhardkrusche.com\\\/publikationen\\\/\",\"url\":\"https:\\\/\\\/bernhardkrusche.com\\\/publikationen\\\/\",\"name\":\"Publikationen - Bernhard Krusche\",\"isPartOf\":{\"@id\":\"https:\\\/\\\/bernhardkrusche.com\\\/#website\"},\"datePublished\":\"2021-01-11T04:53:25+00:00\",\"dateModified\":\"2024-05-10T09:06:04+00:00\",\"breadcrumb\":{\"@id\":\"https:\\\/\\\/bernhardkrusche.com\\\/publikationen\\\/#breadcrumb\"},\"inLanguage\":\"en-US\",\"potentialAction\":[{\"@type\":\"ReadAction\",\"target\":[\"https:\\\/\\\/bernhardkrusche.com\\\/publikationen\\\/\"]}]},{\"@type\":\"BreadcrumbList\",\"@id\":\"https:\\\/\\\/bernhardkrusche.com\\\/publikationen\\\/#breadcrumb\",\"itemListElement\":[{\"@type\":\"ListItem\",\"position\":1,\"name\":\"Startseite\",\"item\":\"https:\\\/\\\/bernhardkrusche.com\\\/\"},{\"@type\":\"ListItem\",\"position\":2,\"name\":\"Publikationen\"}]},{\"@type\":\"WebSite\",\"@id\":\"https:\\\/\\\/bernhardkrusche.com\\\/#website\",\"url\":\"https:\\\/\\\/bernhardkrusche.com\\\/\",\"name\":\"Bernhard Krusche\",\"description\":\"Bernhard Krusche\",\"potentialAction\":[{\"@type\":\"SearchAction\",\"target\":{\"@type\":\"EntryPoint\",\"urlTemplate\":\"https:\\\/\\\/bernhardkrusche.com\\\/?s={search_term_string}\"},\"query-input\":{\"@type\":\"PropertyValueSpecification\",\"valueRequired\":true,\"valueName\":\"search_term_string\"}}],\"inLanguage\":\"en-US\"}]}<\/script>\n<!-- \/ Yoast SEO plugin. -->","yoast_head_json":{"title":"Publikationen - Bernhard Krusche","robots":{"index":"index","follow":"follow","max-snippet":"max-snippet:-1","max-image-preview":"max-image-preview:large","max-video-preview":"max-video-preview:-1"},"canonical":"https:\/\/bernhardkrusche.com\/en\/publikationen\/","og_locale":"en_US","og_type":"article","og_title":"Publikationen - Bernhard Krusche","og_description":"\u00a0\"Lesen ist Sex f\u00fcrs Gehirn. Manchmal anstrengend, aber nie langweilig. Und gut f\u00fcr den Teint.\"Die Leser seichter Groschenromane sind bei Bernhard Krusche fehl am Platz. Der Autor bringt die Grenzen zwischen Ethnologie, Unternehmenskultur, Gesellschaft und Zusammenleben zum Tanzen. Derzeit schreibt er an seinem neuesten Werk, das Mut macht, die Zukunft aktiv zu gestalten.\u00a0 Bis zum [&hellip;]","og_url":"https:\/\/bernhardkrusche.com\/en\/publikationen\/","og_site_name":"Bernhard Krusche","article_modified_time":"2024-05-10T09:06:04+00:00","twitter_card":"summary_large_image","twitter_misc":{"Est. reading time":"10 minutes"},"schema":{"@context":"https:\/\/schema.org","@graph":[{"@type":"WebPage","@id":"https:\/\/bernhardkrusche.com\/publikationen\/","url":"https:\/\/bernhardkrusche.com\/publikationen\/","name":"Publikationen - Bernhard Krusche","isPartOf":{"@id":"https:\/\/bernhardkrusche.com\/#website"},"datePublished":"2021-01-11T04:53:25+00:00","dateModified":"2024-05-10T09:06:04+00:00","breadcrumb":{"@id":"https:\/\/bernhardkrusche.com\/publikationen\/#breadcrumb"},"inLanguage":"en-US","potentialAction":[{"@type":"ReadAction","target":["https:\/\/bernhardkrusche.com\/publikationen\/"]}]},{"@type":"BreadcrumbList","@id":"https:\/\/bernhardkrusche.com\/publikationen\/#breadcrumb","itemListElement":[{"@type":"ListItem","position":1,"name":"Startseite","item":"https:\/\/bernhardkrusche.com\/"},{"@type":"ListItem","position":2,"name":"Publikationen"}]},{"@type":"WebSite","@id":"https:\/\/bernhardkrusche.com\/#website","url":"https:\/\/bernhardkrusche.com\/","name":"Bernhard Krusche","description":"Bernhard Krusche","potentialAction":[{"@type":"SearchAction","target":{"@type":"EntryPoint","urlTemplate":"https:\/\/bernhardkrusche.com\/?s={search_term_string}"},"query-input":{"@type":"PropertyValueSpecification","valueRequired":true,"valueName":"search_term_string"}}],"inLanguage":"en-US"}]}},"_links":{"self":[{"href":"https:\/\/bernhardkrusche.com\/en\/wp-json\/wp\/v2\/pages\/45","targetHints":{"allow":["GET"]}}],"collection":[{"href":"https:\/\/bernhardkrusche.com\/en\/wp-json\/wp\/v2\/pages"}],"about":[{"href":"https:\/\/bernhardkrusche.com\/en\/wp-json\/wp\/v2\/types\/page"}],"author":[{"embeddable":true,"href":"https:\/\/bernhardkrusche.com\/en\/wp-json\/wp\/v2\/users\/1"}],"replies":[{"embeddable":true,"href":"https:\/\/bernhardkrusche.com\/en\/wp-json\/wp\/v2\/comments?post=45"}],"version-history":[{"count":8,"href":"https:\/\/bernhardkrusche.com\/en\/wp-json\/wp\/v2\/pages\/45\/revisions"}],"predecessor-version":[{"id":525,"href":"https:\/\/bernhardkrusche.com\/en\/wp-json\/wp\/v2\/pages\/45\/revisions\/525"}],"wp:attachment":[{"href":"https:\/\/bernhardkrusche.com\/en\/wp-json\/wp\/v2\/media?parent=45"}],"curies":[{"name":"wp","href":"https:\/\/api.w.org\/{rel}","templated":true}]}}