{"id":34,"date":"2021-01-11T04:49:16","date_gmt":"2021-01-11T04:49:16","guid":{"rendered":"https:\/\/bernhardkrusche.com\/?page_id=34"},"modified":"2021-04-07T06:07:19","modified_gmt":"2021-04-07T06:07:19","slug":"vortrag","status":"publish","type":"page","link":"https:\/\/bernhardkrusche.com\/en\/vortrag\/","title":{"rendered":"Speeches"},"content":{"rendered":"<p>[et_pb_section fb_built=&#8221;1&#8243; _builder_version=&#8221;4.9.2&#8243; _module_preset=&#8221;default&#8221; background_image=&#8221;https:\/\/bernhardkrusche.com\/media\/2021\/04\/Bernhard-Krusche_AB_2951-1-scaled.jpg&#8221; hover_enabled=&#8221;0&#8243; title_text=&#8221;Bernhard Krusche_AB_2951 (1)&#8221; sticky_enabled=&#8221;0&#8243; use_background_color_gradient=&#8221;on&#8221; background_last_edited=&#8221;on|phone&#8221; background_color_gradient_end_phone=&#8221;rgba(0,0,0,0.29)&#8221; use_background_color_gradient_phone=&#8221;on&#8221; background_color_gradient_start_phone=&#8221;rgba(0,0,0,0.16)&#8221; background_color_gradient_overlays_image_phone=&#8221;on&#8221; custom_padding=&#8221;83px||83px||false|false&#8221; background_color_gradient_start=&#8221;rgba(0,0,0,0.04)&#8221; background_color_gradient_end=&#8221;rgba(0,0,0,0.61)&#8221; background_color_gradient_overlays_image=&#8221;on&#8221; locked=&#8221;off&#8221; background_position_phone=&#8221;bottom_right&#8221; custom_padding_last_edited=&#8221;on|phone&#8221; custom_padding_phone=&#8221;83px||4px||false|false&#8221;][et_pb_row _builder_version=&#8221;4.9.2&#8243; _module_preset=&#8221;default&#8221; custom_margin=&#8221;464px||0px||false|false&#8221; hover_enabled=&#8221;0&#8243; custom_margin_last_edited=&#8221;on|phone&#8221; custom_margin_phone=&#8221;0px||0px||true|false&#8221; sticky_enabled=&#8221;0&#8243;][et_pb_column type=&#8221;4_4&#8243; _builder_version=&#8221;4.9.2&#8243; _module_preset=&#8221;default&#8221;][et_pb_text _builder_version=&#8221;4.9.2&#8243; _module_preset=&#8221;default&#8221; text_font=&#8221;Stardos Stencil|700|||||||&#8221; text_text_color=&#8221;#FFFFFF&#8221; text_font_size=&#8221;50px&#8221; text_line_height=&#8221;1.2em&#8221; hover_enabled=&#8221;0&#8243; text_font_size_last_edited=&#8221;on|phone&#8221; text_font_size_phone=&#8221;24px&#8221; text_line_height_last_edited=&#8221;on|phone&#8221; custom_margin_last_edited=&#8221;on|phone&#8221; custom_margin_phone=&#8221;43px||||false|false&#8221; sticky_enabled=&#8221;0&#8243;]<\/p>\n<p>Nein, fr\u00fcher war nicht alles besser.<\/p>\n<p>[\/et_pb_text][\/et_pb_column][\/et_pb_row][\/et_pb_section][et_pb_section fb_built=&#8221;1&#8243; _builder_version=&#8221;4.0.9&#8243; use_background_color_gradient=&#8221;on&#8221; background_color_gradient_start=&#8221;#ffffff&#8221; background_color_gradient_end=&#8221;#ffffff&#8221; background_color_gradient_direction=&#8221;90deg&#8221; background_color_gradient_start_position=&#8221;50%&#8221; background_color_gradient_end_position=&#8221;0%&#8221; custom_padding=&#8221;10px|0px|10px|0px|true|false&#8221; top_divider_style=&#8221;arrow2&#8243; top_divider_color=&#8221;rgba(0,0,0,0)&#8221; locked=&#8221;off&#8221;][et_pb_row column_structure=&#8221;1_3,2_3&#8243; _builder_version=&#8221;4.0.11&#8243; custom_margin=&#8221;2px|auto|-11px|auto||&#8221; custom_padding=&#8221;0px||7px|||&#8221; border_color_bottom=&#8221;rgba(38,106,127,0.59)&#8221; locked=&#8221;off&#8221;][et_pb_column type=&#8221;1_3&#8243; _builder_version=&#8221;4.0.11&#8243;][et_pb_text _builder_version=&#8221;4.0.11&#8243; header_font=&#8221;Stardos Stencil|600|||||||&#8221; header_text_color=&#8221;rgba(38,106,127,0.59)&#8221; header_font_size=&#8221;33px&#8221; header_line_height=&#8221;1.2em&#8221; header_2_font=&#8221;Nunito Sans|800|||||||&#8221; header_2_text_color=&#8221;#297FCA&#8221; header_2_font_size=&#8221;60px&#8221; custom_margin=&#8221;||-9px|||&#8221; custom_padding=&#8221;29px||0px|12px||&#8221; header_font_size_tablet=&#8221;&#8221; header_font_size_phone=&#8221;25px&#8221; header_font_size_last_edited=&#8221;on|desktop&#8221;]<\/p>\n<h1><span style=\"color: rgba(38, 106, 127, 0.76);\">&#8220;Zukunft ist das was wir daraus machen.&#8221;<\/span><\/h1>\n<p>[\/et_pb_text][\/et_pb_column][et_pb_column type=&#8221;2_3&#8243; _builder_version=&#8221;4.0.11&#8243;][et_pb_blurb icon_placement=&#8221;left&#8221; content_max_width=&#8221;100%&#8221; _builder_version=&#8221;4.2&#8243; header_font=&#8221;||||||||&#8221; header_font_size=&#8221;13px&#8221; header_line_height=&#8221;-0.3em&#8221; body_font=&#8221;Stardos Stencil|300|||||||&#8221; body_text_color=&#8221;rgba(38,106,127,0.59)&#8221; body_font_size=&#8221;19px&#8221; body_line_height=&#8221;1.8em&#8221; custom_margin=&#8221;||15px|||&#8221; custom_padding=&#8221;27px|54px|9px|43px||&#8221; custom_padding_tablet=&#8221;20px|4px|39px|0px||&#8221; custom_padding_phone=&#8221;4px|6px|1px|0px||&#8221; custom_padding_last_edited=&#8221;on|phone&#8221; animation=&#8221;off&#8221; body_line_height_tablet=&#8221;&#8221; body_line_height_phone=&#8221;1.6em&#8221; body_line_height_last_edited=&#8221;on|phone&#8221; border_width_left=&#8221;1px&#8221; border_color_left=&#8221;rgba(38,106,127,0.76)&#8221; border_width_left_tablet=&#8221;0px&#8221; border_width_left_phone=&#8221;&#8221; border_width_left_last_edited=&#8221;on|tablet&#8221;]<\/p>\n<p><span style=\"color: rgba(38, 106, 127, 0.76);\">Um in Zeiten von Digitalisierung, Vernetzung, KI, Robotik &amp; Co. zu \u00fcberleben, empfiehlt Bernhard Krusche die Entwicklung und Aneignung neuer Kulturtechniken. Vom Buch zum Bildschirm, vom Brief zum Tweet, von Hierarchie zum Netzwerk \u2013 um von all den neuen Entwicklungen nicht \u00fcberrollt zu werden, brauchen Sie und Ihre Mitarbeiter neue kulturelle Fertigkeiten. Und ein Verst\u00e4ndnis davon, wie all die neuen digitalen Technologien den Arbeitsalltag in Ihrem Unternehmens ver\u00e4ndern. Nur so ist die bevorstehende digitale Transformation unserer Arbeitswelt zu meistern.<\/span><\/p>\n<p>[\/et_pb_blurb][\/et_pb_column][\/et_pb_row][\/et_pb_section][et_pb_section fb_built=&#8221;1&#8243; custom_padding_last_edited=&#8221;on|phone&#8221; admin_label=&#8221;Quote Text Section&#8221; _builder_version=&#8221;4.0.9&#8243; background_color=&#8221;#ededed&#8221; background_color_gradient_direction=&#8221;90deg&#8221; background_position=&#8221;center_right&#8221; custom_padding=&#8221;0px||0px||true|&#8221; custom_padding_tablet=&#8221;&#8221; custom_padding_phone=&#8221;&#8221; animation_style=&#8221;slide&#8221; animation_direction=&#8221;left&#8221; locked=&#8221;off&#8221;][et_pb_row admin_label=&#8221;Quote Text Area&#8221; _builder_version=&#8221;3.25&#8243; min_height=&#8221;281px&#8221; custom_margin=&#8221;|auto|-48px|auto||&#8221; custom_padding=&#8221;||0px|||&#8221;][et_pb_column type=&#8221;4_4&#8243; _builder_version=&#8221;3.25&#8243; custom_padding=&#8221;|||&#8221; custom_padding__hover=&#8221;|||&#8221;][et_pb_text _builder_version=&#8221;4.7.5&#8243; header_font=&#8221;Stardos Stencil|600|||||||&#8221; header_text_color=&#8221;rgba(38,106,127,0.59)&#8221; header_font_size=&#8221;33px&#8221; header_line_height=&#8221;1.2em&#8221; header_2_font=&#8221;Nunito Sans|800|||||||&#8221; header_2_text_color=&#8221;#297FCA&#8221; header_2_font_size=&#8221;60px&#8221; custom_margin=&#8221;38px||38px||true|&#8221; custom_padding=&#8221;0px||28px|||&#8221; animation_style=&#8221;fade&#8221; animation_duration=&#8221;1700ms&#8221; animation_delay=&#8221;450ms&#8221; header_font_size_tablet=&#8221;&#8221; header_font_size_phone=&#8221;25px&#8221; header_font_size_last_edited=&#8221;on|desktop&#8221;]<\/p>\n<h1 style=\"text-align: center;\"><span>&#8220;Ohne Perspektiven wird Arbeit einfach ersetzbar. Heute braucht das keiner mehr.<\/span>&#8220;<\/h1>\n<p>[\/et_pb_text][\/et_pb_column][\/et_pb_row][\/et_pb_section][et_pb_section fb_built=&#8221;1&#8243; _builder_version=&#8221;4.0.9&#8243; custom_padding=&#8221;||0px|||&#8221;][et_pb_row column_structure=&#8221;1_2,1_2&#8243; _builder_version=&#8221;4.0.9&#8243; custom_margin=&#8221;-51px|auto||auto||&#8221; custom_padding=&#8221;||0px|||&#8221;][et_pb_column type=&#8221;1_2&#8243; _builder_version=&#8221;4.0.9&#8243;][et_pb_blurb icon_placement=&#8221;left&#8221; content_max_width=&#8221;100%&#8221; _builder_version=&#8221;4.2&#8243; header_font=&#8221;||||||||&#8221; header_font_size=&#8221;13px&#8221; header_line_height=&#8221;-0.3em&#8221; body_font=&#8221;Stardos Stencil|300|||||||&#8221; body_text_color=&#8221;rgba(38,106,127,0.59)&#8221; body_font_size=&#8221;19px&#8221; body_line_height=&#8221;1.8em&#8221; custom_margin=&#8221;||15px|||&#8221; custom_padding=&#8221;18px|54px|40px|43px||&#8221; custom_padding_tablet=&#8221;31px|6px|5px|4px||&#8221; custom_padding_phone=&#8221;3px|6px|9px|5px||&#8221; custom_padding_last_edited=&#8221;on|phone&#8221; animation=&#8221;off&#8221; body_line_height_tablet=&#8221;&#8221; body_line_height_phone=&#8221;1.6em&#8221; body_line_height_last_edited=&#8221;on|phone&#8221; border_color_left=&#8221;rgba(38,106,127,0.76)&#8221;]<\/p>\n<p><span style=\"color: rgba(38, 106, 127, 0.76);\">In seiner meinungsstarken Keynote macht der Zukunftsvorreiter deutlich: Alte Erfolgsrezepte f\u00fchren weder in die Zukunft noch zum Erfolg. Wenn Sie zeitgem\u00e4\u00df f\u00fchren und die nachr\u00fcckenden Generationen f\u00fcr Ihr Unternehmen begeistern wollen, brauchen Sie den Willen zu Innovation und Selbsterneuerung.<\/span><\/p>\n<p><span style=\"color: rgba(38, 106, 127, 0.76);\">In seinem Vortrag vermittelt Bernhard Krusche diese Einsichten auf eine mitrei\u00dfende Art und Weise. Er kombiniert eindr\u00fcckliche Geschichten von seinen Fernreisen und seiner Feldforschung in Afrika mit den aktuellen Herausforderungen in Unternehmen. Immer mit dem Ziel, Ihnen und Ihrem Team wertvolle Impulse f\u00fcr die Arbeit an der eigenen Zukunftsf\u00e4higkeit mitzugeben.<\/span><\/p>\n<p>[\/et_pb_blurb][\/et_pb_column][et_pb_column type=&#8221;1_2&#8243; _builder_version=&#8221;4.0.9&#8243;][et_pb_blurb icon_placement=&#8221;left&#8221; content_max_width=&#8221;100%&#8221; _builder_version=&#8221;4.2&#8243; header_font=&#8221;||||||||&#8221; header_font_size=&#8221;13px&#8221; header_line_height=&#8221;-0.3em&#8221; body_font=&#8221;Stardos Stencil|300|||||||&#8221; body_text_color=&#8221;rgba(38,106,127,0.59)&#8221; body_font_size=&#8221;19px&#8221; body_line_height=&#8221;1.8em&#8221; custom_margin=&#8221;-21px||15px|-20px||&#8221; custom_padding=&#8221;14px|54px|105px|51px||&#8221; custom_padding_tablet=&#8221;29px|2px|39px|24px||&#8221; custom_padding_phone=&#8221;9px|5px|41px|23px||&#8221; custom_padding_last_edited=&#8221;on|phone&#8221; animation=&#8221;off&#8221; body_line_height_tablet=&#8221;&#8221; body_line_height_phone=&#8221;1.6em&#8221; body_line_height_last_edited=&#8221;on|phone&#8221; border_width_left=&#8221;1px&#8221; border_color_left=&#8221;rgba(38,106,127,0.76)&#8221; border_width_left_tablet=&#8221;0px&#8221; border_width_left_phone=&#8221;&#8221; border_width_left_last_edited=&#8221;on|tablet&#8221;]<\/p>\n<p><span style=\"color: rgba(38, 106, 127, 0.76);\">Entscheider, die sich in den gem\u00fctlichen Komfortzonen des Status Quo eingerichtet haben, sollten mit einem humorvollen Tritt in den Hintern rechnen, wenn Bernhard Krusche von seinen Erlebnissen berichtet. Er hat schlie\u00dflich genug Erfahrung als Entertainer, nachdem er in den Bergen Nepals schon im Dorftheater mitspielte, ohne auch nur ein Wort oder gar seine Rolle zu verstehen. Das Publikum lachte herzlich \u2013 auch Sie werden nach seinem Vortrag zuversichtlich und motiviert in Richtung Zukunft blicken.<\/span><\/p>\n<p>[\/et_pb_blurb][\/et_pb_column][\/et_pb_row][\/et_pb_section]<\/p>\n","protected":false},"excerpt":{"rendered":"<p>Nein, fr\u00fcher war nicht alles besser.&#8221;Zukunft ist das was wir daraus machen.&#8221;Um in Zeiten von Digitalisierung, Vernetzung, KI, Robotik &amp; Co. zu \u00fcberleben, empfiehlt Bernhard Krusche die Entwicklung und Aneignung neuer Kulturtechniken. Vom Buch zum Bildschirm, vom Brief zum Tweet, von Hierarchie zum Netzwerk \u2013 um von all den neuen Entwicklungen nicht \u00fcberrollt zu werden, [&hellip;]<\/p>\n","protected":false},"author":1,"featured_media":0,"parent":0,"menu_order":0,"comment_status":"closed","ping_status":"closed","template":"","meta":{"_et_pb_use_builder":"on","_et_pb_old_content":"","_et_gb_content_width":"","footnotes":""},"class_list":["post-34","page","type-page","status-publish","hentry"],"yoast_head":"<!-- This site is optimized with the Yoast SEO plugin v27.4 - https:\/\/yoast.com\/product\/yoast-seo-wordpress\/ -->\n<title>Vortrag - Bernhard Krusche<\/title>\n<meta name=\"robots\" content=\"index, follow, max-snippet:-1, max-image-preview:large, max-video-preview:-1\" \/>\n<link rel=\"canonical\" href=\"https:\/\/bernhardkrusche.com\/en\/vortrag\/\" \/>\n<meta property=\"og:locale\" content=\"en_US\" \/>\n<meta property=\"og:type\" content=\"article\" \/>\n<meta property=\"og:title\" content=\"Vortrag - Bernhard Krusche\" \/>\n<meta property=\"og:description\" content=\"Nein, fr\u00fcher war nicht alles besser.&quot;Zukunft ist das was wir daraus machen.&quot;Um in Zeiten von Digitalisierung, Vernetzung, KI, Robotik &amp; Co. zu \u00fcberleben, empfiehlt Bernhard Krusche die Entwicklung und Aneignung neuer Kulturtechniken. Vom Buch zum Bildschirm, vom Brief zum Tweet, von Hierarchie zum Netzwerk \u2013 um von all den neuen Entwicklungen nicht \u00fcberrollt zu werden, [&hellip;]\" \/>\n<meta property=\"og:url\" content=\"https:\/\/bernhardkrusche.com\/en\/vortrag\/\" \/>\n<meta property=\"og:site_name\" content=\"Bernhard Krusche\" \/>\n<meta property=\"article:modified_time\" content=\"2021-04-07T06:07:19+00:00\" \/>\n<meta name=\"twitter:card\" content=\"summary_large_image\" \/>\n<meta name=\"twitter:label1\" content=\"Est. reading time\" \/>\n\t<meta name=\"twitter:data1\" content=\"6 minutes\" \/>\n<script type=\"application\/ld+json\" class=\"yoast-schema-graph\">{\"@context\":\"https:\\\/\\\/schema.org\",\"@graph\":[{\"@type\":\"WebPage\",\"@id\":\"https:\\\/\\\/bernhardkrusche.com\\\/vortrag\\\/\",\"url\":\"https:\\\/\\\/bernhardkrusche.com\\\/vortrag\\\/\",\"name\":\"Vortrag - Bernhard Krusche\",\"isPartOf\":{\"@id\":\"https:\\\/\\\/bernhardkrusche.com\\\/#website\"},\"datePublished\":\"2021-01-11T04:49:16+00:00\",\"dateModified\":\"2021-04-07T06:07:19+00:00\",\"breadcrumb\":{\"@id\":\"https:\\\/\\\/bernhardkrusche.com\\\/vortrag\\\/#breadcrumb\"},\"inLanguage\":\"en-US\",\"potentialAction\":[{\"@type\":\"ReadAction\",\"target\":[\"https:\\\/\\\/bernhardkrusche.com\\\/vortrag\\\/\"]}]},{\"@type\":\"BreadcrumbList\",\"@id\":\"https:\\\/\\\/bernhardkrusche.com\\\/vortrag\\\/#breadcrumb\",\"itemListElement\":[{\"@type\":\"ListItem\",\"position\":1,\"name\":\"Startseite\",\"item\":\"https:\\\/\\\/bernhardkrusche.com\\\/\"},{\"@type\":\"ListItem\",\"position\":2,\"name\":\"Vortrag\"}]},{\"@type\":\"WebSite\",\"@id\":\"https:\\\/\\\/bernhardkrusche.com\\\/#website\",\"url\":\"https:\\\/\\\/bernhardkrusche.com\\\/\",\"name\":\"Bernhard Krusche\",\"description\":\"Bernhard Krusche\",\"potentialAction\":[{\"@type\":\"SearchAction\",\"target\":{\"@type\":\"EntryPoint\",\"urlTemplate\":\"https:\\\/\\\/bernhardkrusche.com\\\/?s={search_term_string}\"},\"query-input\":{\"@type\":\"PropertyValueSpecification\",\"valueRequired\":true,\"valueName\":\"search_term_string\"}}],\"inLanguage\":\"en-US\"}]}<\/script>\n<!-- \/ Yoast SEO plugin. -->","yoast_head_json":{"title":"Vortrag - Bernhard Krusche","robots":{"index":"index","follow":"follow","max-snippet":"max-snippet:-1","max-image-preview":"max-image-preview:large","max-video-preview":"max-video-preview:-1"},"canonical":"https:\/\/bernhardkrusche.com\/en\/vortrag\/","og_locale":"en_US","og_type":"article","og_title":"Vortrag - Bernhard Krusche","og_description":"Nein, fr\u00fcher war nicht alles besser.\"Zukunft ist das was wir daraus machen.\"Um in Zeiten von Digitalisierung, Vernetzung, KI, Robotik &amp; Co. zu \u00fcberleben, empfiehlt Bernhard Krusche die Entwicklung und Aneignung neuer Kulturtechniken. Vom Buch zum Bildschirm, vom Brief zum Tweet, von Hierarchie zum Netzwerk \u2013 um von all den neuen Entwicklungen nicht \u00fcberrollt zu werden, [&hellip;]","og_url":"https:\/\/bernhardkrusche.com\/en\/vortrag\/","og_site_name":"Bernhard Krusche","article_modified_time":"2021-04-07T06:07:19+00:00","twitter_card":"summary_large_image","twitter_misc":{"Est. reading time":"6 minutes"},"schema":{"@context":"https:\/\/schema.org","@graph":[{"@type":"WebPage","@id":"https:\/\/bernhardkrusche.com\/vortrag\/","url":"https:\/\/bernhardkrusche.com\/vortrag\/","name":"Vortrag - Bernhard Krusche","isPartOf":{"@id":"https:\/\/bernhardkrusche.com\/#website"},"datePublished":"2021-01-11T04:49:16+00:00","dateModified":"2021-04-07T06:07:19+00:00","breadcrumb":{"@id":"https:\/\/bernhardkrusche.com\/vortrag\/#breadcrumb"},"inLanguage":"en-US","potentialAction":[{"@type":"ReadAction","target":["https:\/\/bernhardkrusche.com\/vortrag\/"]}]},{"@type":"BreadcrumbList","@id":"https:\/\/bernhardkrusche.com\/vortrag\/#breadcrumb","itemListElement":[{"@type":"ListItem","position":1,"name":"Startseite","item":"https:\/\/bernhardkrusche.com\/"},{"@type":"ListItem","position":2,"name":"Vortrag"}]},{"@type":"WebSite","@id":"https:\/\/bernhardkrusche.com\/#website","url":"https:\/\/bernhardkrusche.com\/","name":"Bernhard Krusche","description":"Bernhard Krusche","potentialAction":[{"@type":"SearchAction","target":{"@type":"EntryPoint","urlTemplate":"https:\/\/bernhardkrusche.com\/?s={search_term_string}"},"query-input":{"@type":"PropertyValueSpecification","valueRequired":true,"valueName":"search_term_string"}}],"inLanguage":"en-US"}]}},"_links":{"self":[{"href":"https:\/\/bernhardkrusche.com\/en\/wp-json\/wp\/v2\/pages\/34","targetHints":{"allow":["GET"]}}],"collection":[{"href":"https:\/\/bernhardkrusche.com\/en\/wp-json\/wp\/v2\/pages"}],"about":[{"href":"https:\/\/bernhardkrusche.com\/en\/wp-json\/wp\/v2\/types\/page"}],"author":[{"embeddable":true,"href":"https:\/\/bernhardkrusche.com\/en\/wp-json\/wp\/v2\/users\/1"}],"replies":[{"embeddable":true,"href":"https:\/\/bernhardkrusche.com\/en\/wp-json\/wp\/v2\/comments?post=34"}],"version-history":[{"count":6,"href":"https:\/\/bernhardkrusche.com\/en\/wp-json\/wp\/v2\/pages\/34\/revisions"}],"predecessor-version":[{"id":200,"href":"https:\/\/bernhardkrusche.com\/en\/wp-json\/wp\/v2\/pages\/34\/revisions\/200"}],"wp:attachment":[{"href":"https:\/\/bernhardkrusche.com\/en\/wp-json\/wp\/v2\/media?parent=34"}],"curies":[{"name":"wp","href":"https:\/\/api.w.org\/{rel}","templated":true}]}}