{"id":23,"date":"2021-01-11T04:47:07","date_gmt":"2021-01-11T04:47:07","guid":{"rendered":"https:\/\/bernhardkrusche.com\/?page_id=23"},"modified":"2024-05-10T08:03:38","modified_gmt":"2024-05-10T08:03:38","slug":"home","status":"publish","type":"page","link":"https:\/\/bernhardkrusche.com\/en\/","title":{"rendered":"Home"},"content":{"rendered":"<p>[et_pb_section fb_built=&#8221;1&#8243; _builder_version=&#8221;4.16&#8243; _module_preset=&#8221;default&#8221; use_background_color_gradient=&#8221;on&#8221; background_color_gradient_stops=&#8221;rgba(0,0,0,0.04) 0%|rgba(0,0,0,0.45) 100%&#8221; background_color_gradient_overlays_image=&#8221;on&#8221; background_color_gradient_start=&#8221;rgba(0,0,0,0.04)&#8221; background_color_gradient_end=&#8221;rgba(0,0,0,0.45)&#8221; background_image=&#8221;https:\/\/bernhardkrusche.com\/media\/2021\/04\/Bernhard-Krusche_AB_2558-1-1024&#215;683-1.jpg&#8221; custom_padding=&#8221;44px||44px||true|false&#8221; background_last_edited=&#8221;on|phone&#8221; use_background_color_gradient_phone=&#8221;on&#8221; background_color_gradient_stops_phone=&#8221;rgba(0,0,0,0.16) 0%|rgba(0,0,0,0.29) 100%&#8221; background_color_gradient_overlays_image_phone=&#8221;on&#8221; background_color_gradient_start_phone=&#8221;rgba(0,0,0,0.16)&#8221; background_color_gradient_end_phone=&#8221;rgba(0,0,0,0.29)&#8221; global_colors_info=&#8221;{}&#8221;][et_pb_row column_structure=&#8221;1_2,1_2&#8243; _builder_version=&#8221;4.16&#8243; _module_preset=&#8221;default&#8221; custom_margin=&#8221;164px||164px||true|false&#8221; custom_margin_tablet=&#8221;&#8221; custom_margin_phone=&#8221;0px||0px||true|false&#8221; custom_margin_last_edited=&#8221;on|phone&#8221; global_colors_info=&#8221;{}&#8221;][et_pb_column type=&#8221;1_2&#8243; _builder_version=&#8221;4.16&#8243; _module_preset=&#8221;default&#8221; global_colors_info=&#8221;{}&#8221;][\/et_pb_column][et_pb_column type=&#8221;1_2&#8243; _builder_version=&#8221;4.16&#8243; _module_preset=&#8221;default&#8221; global_colors_info=&#8221;{}&#8221;][et_pb_text _builder_version=&#8221;4.16&#8243; _module_preset=&#8221;default&#8221; text_font=&#8221;Stardos Stencil|700|||||||&#8221; text_text_color=&#8221;#FFFFFF&#8221; text_font_size=&#8221;50px&#8221; text_line_height=&#8221;1.2em&#8221; custom_margin_tablet=&#8221;&#8221; custom_margin_phone=&#8221;43px|||105px|false|false&#8221; custom_margin_last_edited=&#8221;on|phone&#8221; text_font_size_tablet=&#8221;&#8221; text_font_size_phone=&#8221;24px&#8221; text_font_size_last_edited=&#8221;on|phone&#8221; text_line_height_tablet=&#8221;&#8221; text_line_height_phone=&#8221;&#8221; text_line_height_last_edited=&#8221;on|phone&#8221; global_colors_info=&#8221;{}&#8221;]<\/p>\n<p>\u201eWe are all busy. Is anybody taking care of our future?\u201d<\/p>\n<p>[\/et_pb_text][\/et_pb_column][\/et_pb_row][\/et_pb_section][et_pb_section fb_built=&#8221;1&#8243; _builder_version=&#8221;4.16&#8243; custom_padding=&#8221;||0px|||&#8221; global_colors_info=&#8221;{}&#8221;][et_pb_row column_structure=&#8221;1_3,2_3&#8243; _builder_version=&#8221;4.16&#8243; custom_margin=&#8221;-53px|auto||auto||&#8221; custom_padding=&#8221;58px||9px|||&#8221; link_option_url=&#8221;https:\/\/bernhardkrusche.com\/ueber-mich\/&#8221; border_width_bottom=&#8221;1px&#8221; border_color_bottom=&#8221;rgba(38,106,127,0.59)&#8221; global_colors_info=&#8221;{}&#8221;][et_pb_column type=&#8221;1_3&#8243; _builder_version=&#8221;4.16&#8243; global_colors_info=&#8221;{}&#8221;][et_pb_text _builder_version=&#8221;4.16&#8243; header_font=&#8221;Stardos Stencil|600|||||||&#8221; header_text_color=&#8221;rgba(38,106,127,0.59)&#8221; header_font_size=&#8221;37px&#8221; header_line_height=&#8221;1.2em&#8221; header_2_font=&#8221;Nunito Sans|800|||||||&#8221; header_2_text_color=&#8221;#297FCA&#8221; header_2_font_size=&#8221;60px&#8221; width=&#8221;100%&#8221; custom_margin=&#8221;-14px|-26px||||&#8221; custom_padding=&#8221;5px|0px||21px||&#8221; animation_direction=&#8221;left&#8221; link_option_url=&#8221;https:\/\/bernhardkrusche.com\/ueber-mich\/&#8221; header_font_size_tablet=&#8221;&#8221; header_font_size_phone=&#8221;25px&#8221; header_font_size_last_edited=&#8221;on|desktop&#8221; global_colors_info=&#8221;{}&#8221;]<\/p>\n<h1><span style=\"color: rgba(38, 106, 127, 0.76);\">Person<\/span><\/h1>\n<p>[\/et_pb_text][\/et_pb_column][et_pb_column type=&#8221;2_3&#8243; _builder_version=&#8221;4.16&#8243; global_colors_info=&#8221;{}&#8221;][et_pb_blurb icon_placement=&#8221;left&#8221; content_max_width=&#8221;100%&#8221; _builder_version=&#8221;4.16&#8243; header_font=&#8221;||||||||&#8221; header_font_size=&#8221;13px&#8221; header_line_height=&#8221;-0.3em&#8221; body_font=&#8221;Roboto||||||||&#8221; body_text_color=&#8221;#000000&#8243; body_font_size=&#8221;19px&#8221; body_line_height=&#8221;1.8em&#8221; custom_margin=&#8221;-29px||15px|||&#8221; custom_padding=&#8221;15px|54px|16px|45px||&#8221; custom_padding_tablet=&#8221;15px|54px|39px|1px||&#8221; custom_padding_phone=&#8221;15px|9px|41px|0px||&#8221; custom_padding_last_edited=&#8221;on|phone&#8221; animation_direction=&#8221;right&#8221; animation=&#8221;off&#8221; body_line_height_tablet=&#8221;&#8221; body_line_height_phone=&#8221;1.6em&#8221; body_line_height_last_edited=&#8221;on|phone&#8221; border_width_left=&#8221;1px&#8221; border_color_left=&#8221;rgba(38,106,127,0.59)&#8221; border_width_left_tablet=&#8221;0px&#8221; border_width_left_phone=&#8221;0px&#8221; border_width_left_last_edited=&#8221;on|phone&#8221; inline_fonts=&#8221;Stardos Stencil&#8221; global_colors_info=&#8221;{}&#8221;]<\/p>\n<p><span style=\"font-family: 'Stardos Stencil'; color: rgba(38, 106, 127, 0.59);\">What\u2019s the connection between villages in Nepal and digitalization? What\u2019s the context of African slums and modern leadership? And how will we manage to align economy and culture? As ethnologist and economy expert\u00a0<strong><\/strong><strong>Bernhard Krusche<\/strong>\u00a0connects, what seems to be unusual at a first glance, but opens new perspectives around current controversial social issues. Ultimately not everyone strikes the idea \u2026<\/span><\/p>\n<p>[\/et_pb_blurb][\/et_pb_column][\/et_pb_row][et_pb_row column_structure=&#8221;1_3,2_3&#8243; _builder_version=&#8221;4.16&#8243; custom_margin=&#8221;4px|auto||auto||&#8221; custom_padding=&#8221;35px||0px|||&#8221; link_option_url=&#8221;https:\/\/bernhardkrusche.com\/angebot\/&#8221; border_width_bottom=&#8221;1px&#8221; border_color_bottom=&#8221;rgba(38,106,127,0.59)&#8221; global_colors_info=&#8221;{}&#8221;][et_pb_column type=&#8221;1_3&#8243; _builder_version=&#8221;4.16&#8243; global_colors_info=&#8221;{}&#8221;][et_pb_text _builder_version=&#8221;4.16&#8243; header_font=&#8221;Stardos Stencil|600|||||||&#8221; header_text_color=&#8221;rgba(38,106,127,0.59)&#8221; header_font_size=&#8221;37px&#8221; header_line_height=&#8221;1.2em&#8221; header_2_font=&#8221;Nunito Sans|800|||||||&#8221; header_2_text_color=&#8221;#297FCA&#8221; header_2_font_size=&#8221;60px&#8221; width=&#8221;100%&#8221; custom_margin=&#8221;-6px|-26px||||&#8221; custom_padding=&#8221;5px|0px||21px||&#8221; animation_direction=&#8221;left&#8221; link_option_url=&#8221;https:\/\/bernhardkrusche.com\/angebot\/&#8221; header_font_size_tablet=&#8221;&#8221; header_font_size_phone=&#8221;25px&#8221; header_font_size_last_edited=&#8221;on|desktop&#8221; global_colors_info=&#8221;{}&#8221;]<\/p>\n<h1 style=\"text-align: left;\"><span style=\"color: rgba(38, 106, 127, 0.76);\">Offer<\/span><\/h1>\n<p>[\/et_pb_text][\/et_pb_column][et_pb_column type=&#8221;2_3&#8243; _builder_version=&#8221;4.16&#8243; global_colors_info=&#8221;{}&#8221;][et_pb_blurb icon_placement=&#8221;left&#8221; content_max_width=&#8221;100%&#8221; _builder_version=&#8221;4.16&#8243; header_font=&#8221;||||||||&#8221; header_font_size=&#8221;13px&#8221; header_line_height=&#8221;-0.3em&#8221; body_font=&#8221;Roboto|300|||||||&#8221; body_text_color=&#8221;#000000&#8243; body_font_size=&#8221;19px&#8221; body_line_height=&#8221;1.8em&#8221; custom_margin=&#8221;-15px||-2px|||&#8221; custom_padding=&#8221;10px|54px|10px|44px||&#8221; custom_padding_tablet=&#8221;10px|54px|39px|2px||&#8221; custom_padding_phone=&#8221;0px|15px|41px|0px||&#8221; custom_padding_last_edited=&#8221;on|phone&#8221; animation_direction=&#8221;right&#8221; animation=&#8221;off&#8221; body_line_height_tablet=&#8221;&#8221; body_line_height_phone=&#8221;1.6em&#8221; body_line_height_last_edited=&#8221;on|phone&#8221; border_color_right=&#8221;rgba(38,106,127,0.59)&#8221; border_width_left=&#8221;1px&#8221; border_color_left=&#8221;rgba(38,106,127,0.59)&#8221; border_width_left_tablet=&#8221;0px&#8221; border_width_left_phone=&#8221;0px&#8221; border_width_left_last_edited=&#8221;on|tablet&#8221; inline_fonts=&#8221;Stardos Stencil&#8221; global_colors_info=&#8221;{}&#8221;]<\/p>\n<p><span style=\"color: rgba(38, 106, 127, 0.76); font-family: 'Stardos Stencil'; font-weight: normal;\">\u2026 telling decision makers and leaders: Stop obsessing over yourself. With his striking way, touch of humor and strong provocations Bernhard Krusche manages to convince cooperations to focus on developing their future \u2013 instead of becoming a super of their status quo. His\u00a0<strong>Offer<\/strong>\u00a0support...<\/span><\/p>\n<p>[\/et_pb_blurb][\/et_pb_column][\/et_pb_row][et_pb_row column_structure=&#8221;1_3,2_3&#8243; _builder_version=&#8221;4.16&#8243; custom_margin=&#8221;-3px|auto||auto||&#8221; custom_padding=&#8221;28px||25px|||&#8221; link_option_url=&#8221;https:\/\/bernhardkrusche.com\/vortrag\/&#8221; border_width_bottom=&#8221;1px&#8221; border_color_bottom=&#8221;rgba(38,106,127,0.59)&#8221; global_colors_info=&#8221;{}&#8221;][et_pb_column type=&#8221;1_3&#8243; _builder_version=&#8221;4.16&#8243; global_colors_info=&#8221;{}&#8221;][et_pb_text _builder_version=&#8221;4.16&#8243; header_font=&#8221;Stardos Stencil|600|||||||&#8221; header_text_color=&#8221;rgba(38,106,127,0.59)&#8221; header_font_size=&#8221;37px&#8221; header_line_height=&#8221;1.2em&#8221; header_2_font=&#8221;Nunito Sans|800|||||||&#8221; header_2_text_color=&#8221;#297FCA&#8221; header_2_font_size=&#8221;60px&#8221; width=&#8221;100%&#8221; custom_margin=&#8221;-14px|-26px||||&#8221; custom_padding=&#8221;28px|0px||21px||&#8221; link_option_url=&#8221;https:\/\/bernhardkrusche.com\/vortrag\/&#8221; header_font_size_tablet=&#8221;&#8221; header_font_size_phone=&#8221;25px&#8221; header_font_size_last_edited=&#8221;on|desktop&#8221; global_colors_info=&#8221;{}&#8221;]<\/p>\n<h1><span style=\"color: rgba(38, 106, 127, 0.76);\">Speeches<\/span><\/h1>\n<p>[\/et_pb_text][\/et_pb_column][et_pb_column type=&#8221;2_3&#8243; _builder_version=&#8221;4.16&#8243; global_colors_info=&#8221;{}&#8221;][et_pb_blurb icon_placement=&#8221;left&#8221; content_max_width=&#8221;100%&#8221; _builder_version=&#8221;4.16&#8243; header_font=&#8221;||||||||&#8221; header_font_size=&#8221;13px&#8221; header_line_height=&#8221;-0.3em&#8221; body_font=&#8221;Roboto|300|||||||&#8221; body_text_color=&#8221;#000000&#8243; body_font_size=&#8221;19px&#8221; body_line_height=&#8221;1.8em&#8221; custom_margin=&#8221;-2px|||||&#8221; custom_padding=&#8221;20px|54px|25px|39px||&#8221; custom_padding_tablet=&#8221;17px|6px|39px|6px||true&#8221; custom_padding_phone=&#8221;0px|8px|41px|4px||&#8221; custom_padding_last_edited=&#8221;on|phone&#8221; animation=&#8221;off&#8221; body_line_height_tablet=&#8221;&#8221; body_line_height_phone=&#8221;1.6em&#8221; body_line_height_last_edited=&#8221;on|phone&#8221; border_width_left=&#8221;1px&#8221; border_color_left=&#8221;rgba(38,106,127,0.59)&#8221; border_width_left_tablet=&#8221;0px&#8221; border_width_left_phone=&#8221;0px&#8221; border_width_left_last_edited=&#8221;on|phone&#8221; inline_fonts=&#8221;Stardos Stencil&#8221; global_colors_info=&#8221;{}&#8221;]<\/p>\n<p><span style=\"color: rgba(38, 106, 127, 0.76); font-family: 'Stardos Stencil'; font-weight: normal;\">\u2026 decision makers, who take charge of their future instead of getting overrun by it. The passion for innovation Bernhard Krusche liaises in his\u00a0<strong>Speeches<\/strong>To survive in times of digitalization, interconnectedness, AI, robotic &amp; co, he suggests \u2026<\/span><\/p>\n<p>[\/et_pb_blurb][\/et_pb_column][\/et_pb_row][et_pb_row column_structure=&#8221;1_3,2_3&#8243; _builder_version=&#8221;4.16&#8243; custom_margin=&#8221;-6px|auto||auto||&#8221; custom_padding=&#8221;27px||24px|||&#8221; link_option_url=&#8221;https:\/\/bernhardkrusche.com\/publikationen\/&#8221; border_width_bottom=&#8221;1px&#8221; border_color_bottom=&#8221;rgba(38,106,127,0.59)&#8221; global_colors_info=&#8221;{}&#8221;][et_pb_column type=&#8221;1_3&#8243; _builder_version=&#8221;4.16&#8243; global_colors_info=&#8221;{}&#8221;][et_pb_text _builder_version=&#8221;4.16&#8243; header_font=&#8221;Stardos Stencil|600|||||||&#8221; header_text_color=&#8221;rgba(38,106,127,0.59)&#8221; header_font_size=&#8221;37px&#8221; header_line_height=&#8221;1.2em&#8221; header_2_font=&#8221;Nunito Sans|800|||||||&#8221; header_2_text_color=&#8221;#297FCA&#8221; header_2_font_size=&#8221;60px&#8221; width=&#8221;100%&#8221; custom_margin=&#8221;15px|-26px||||&#8221; custom_padding=&#8221;5px|0px||21px||&#8221; link_option_url=&#8221;https:\/\/bernhardkrusche.com\/publikationen\/&#8221; header_font_size_tablet=&#8221;&#8221; header_font_size_phone=&#8221;25px&#8221; header_font_size_last_edited=&#8221;on|desktop&#8221; global_colors_info=&#8221;{}&#8221;]<\/p>\n<h1><span style=\"color: rgba(38, 106, 127, 0.76);\">Publications<\/span><\/h1>\n<p>[\/et_pb_text][\/et_pb_column][et_pb_column type=&#8221;2_3&#8243; _builder_version=&#8221;4.16&#8243; global_colors_info=&#8221;{}&#8221;][et_pb_blurb icon_placement=&#8221;left&#8221; content_max_width=&#8221;100%&#8221; _builder_version=&#8221;4.16&#8243; header_font=&#8221;||||||||&#8221; header_font_size=&#8221;13px&#8221; header_line_height=&#8221;-0.3em&#8221; body_font=&#8221;Roboto|300|||||||&#8221; body_text_color=&#8221;#000000&#8243; body_font_size=&#8221;19px&#8221; body_line_height=&#8221;1.8em&#8221; custom_padding=&#8221;20px|54px|19px|39px||&#8221; custom_padding_tablet=&#8221;20px|54px|39px|5px||&#8221; custom_padding_phone=&#8221;0px|2px|41px|0px||&#8221; custom_padding_last_edited=&#8221;on|phone&#8221; animation=&#8221;off&#8221; body_line_height_tablet=&#8221;&#8221; body_line_height_phone=&#8221;1.6em&#8221; body_line_height_last_edited=&#8221;on|phone&#8221; border_color_right=&#8221;rgba(38,106,127,0.59)&#8221; border_width_left=&#8221;1px&#8221; border_color_left=&#8221;rgba(38,106,127,0.59)&#8221; border_width_left_tablet=&#8221;0px&#8221; border_width_left_phone=&#8221;0px&#8221; border_width_left_last_edited=&#8221;on|phone&#8221; inline_fonts=&#8221;Stardos Stencil&#8221; global_colors_info=&#8221;{}&#8221;]<\/p>\n<p><span style=\"color: rgba(38, 106, 127, 0.76); font-family: 'Stardos Stencil'; font-weight: normal;\">\u2026 adoption of new cultural skills. Amongst reading and writing new skills come into focus. Those need to be learned and mastered to stay in game. Knowing the ropes, Bernhard Krusche writes intemperately \u2013 despite all tweets, tubes and channels hypes - in his\u00a0<strong>Publications<\/strong>. <br \/><\/span><\/p>\n<p>[\/et_pb_blurb][\/et_pb_column][\/et_pb_row][et_pb_row column_structure=&#8221;1_3,2_3&#8243; _builder_version=&#8221;4.24.0&#8243; custom_padding=&#8221;30px|||||&#8221; hover_enabled=&#8221;0&#8243; global_colors_info=&#8221;{}&#8221; sticky_enabled=&#8221;0&#8243;][et_pb_column type=&#8221;1_3&#8243; _builder_version=&#8221;4.16&#8243; global_colors_info=&#8221;{}&#8221;][et_pb_text _builder_version=&#8221;4.24.0&#8243; header_font=&#8221;Stardos Stencil|600|||||||&#8221; header_text_color=&#8221;rgba(38,106,127,0.59)&#8221; header_font_size=&#8221;37px&#8221; header_line_height=&#8221;1.2em&#8221; header_2_font=&#8221;Nunito Sans|800|||||||&#8221; header_2_text_color=&#8221;#297FCA&#8221; header_2_font_size=&#8221;60px&#8221; width=&#8221;100%&#8221; custom_margin=&#8221;|-26px||||&#8221; custom_padding=&#8221;23px|0px||18px||&#8221; header_font_size_tablet=&#8221;&#8221; header_font_size_phone=&#8221;25px&#8221; header_font_size_last_edited=&#8221;on|desktop&#8221; global_colors_info=&#8221;{}&#8221;]<\/p>\n<h1><span style=\"color: rgba(38, 106, 127, 0.76);\">What else?<\/span><\/h1>\n<p>[\/et_pb_text][\/et_pb_column][et_pb_column type=&#8221;2_3&#8243; _builder_version=&#8221;4.16&#8243; global_colors_info=&#8221;{}&#8221;][et_pb_blurb icon_placement=&#8221;left&#8221; content_max_width=&#8221;100%&#8221; _builder_version=&#8221;4.24.0&#8243; header_font=&#8221;||||||||&#8221; header_font_size=&#8221;13px&#8221; header_line_height=&#8221;-0.3em&#8221; body_font=&#8221;Stardos Stencil|300|||||||&#8221; body_text_color=&#8221;rgba(38,106,127,0.59)&#8221; body_font_size=&#8221;19px&#8221; body_line_height=&#8221;1.8em&#8221; custom_padding=&#8221;17px|54px||43px|false|false&#8221; custom_padding_tablet=&#8221;17px|54px|39px|5px|false|false&#8221; custom_padding_phone=&#8221;0px|0px|41px|3px|false|false&#8221; custom_padding_last_edited=&#8221;on|phone&#8221; animation=&#8221;off&#8221; hover_enabled=&#8221;0&#8243; body_line_height_tablet=&#8221;&#8221; body_line_height_phone=&#8221;1.6em&#8221; body_line_height_last_edited=&#8221;on|phone&#8221; border_width_left=&#8221;1px&#8221; border_color_left=&#8221;rgba(38,106,127,0.76)&#8221; border_width_left_tablet=&#8221;0px&#8221; border_width_left_phone=&#8221;0px&#8221; border_width_left_last_edited=&#8221;on|desktop&#8221; global_colors_info=&#8221;{}&#8221; sticky_enabled=&#8221;0&#8243;]<\/p>\n<p><span style=\"color: rgba(38, 106, 127, 0.76);\">Bernhard Krusche works on his own business initiatives <a href=\"https:\/\/bernhardkrusche.com\/en\/projekte\/\"><strong><\/strong><\/a><strong>initatives<\/strong>as well. An array of change projects he started as an entrepreneur and CEO as well as collaborated with companies and cooperations of different size within the last 30 years. Publishing his own magazine and founding a non-for-profit foundation are further activities, which underline his social engagement and interest for sustainable impact.\u00a0<a href=\"http:\/\/x-society.net\/\" style=\"color: rgba(38, 106, 127, 0.76);\">magazine and founding a non-for-profit foundation<\/a>\u00a0are further activities, which underline his social engagement and interest for sustainable impact.<\/span><\/p>\n<p>[\/et_pb_blurb][\/et_pb_column][\/et_pb_row][\/et_pb_section][et_pb_section fb_built=&#8221;1&#8243; _builder_version=&#8221;4.16&#8243; _module_preset=&#8221;default&#8221; background_color_gradient_start=&#8221;rgba(0,0,0,0.04)&#8221; background_color_gradient_end=&#8221;rgba(0,0,0,0.45)&#8221; background_image=&#8221;https:\/\/bernhardkrusche.com\/media\/2021\/04\/Design-ohne-Titel-14.png&#8221; custom_padding=&#8221;171px||171px||true|false&#8221; background_color_phone=&#8221;#FFFFFF&#8221; background_last_edited=&#8221;on|phone&#8221; background_enable_color_phone=&#8221;on&#8221; use_background_color_gradient_phone=&#8221;on&#8221; background_color_gradient_stops_phone=&#8221;rgba(255,255,255,0.43) 0%|rgba(255,255,255,0.44) 100%&#8221; background_color_gradient_overlays_image_phone=&#8221;on&#8221; background_color_gradient_start_phone=&#8221;rgba(255,255,255,0.43)&#8221; background_color_gradient_end_phone=&#8221;rgba(255,255,255,0.44)&#8221; background_position_phone=&#8221;top_right&#8221; locked=&#8221;off&#8221; global_colors_info=&#8221;{}&#8221;][et_pb_row column_structure=&#8221;1_2,1_2&#8243; _builder_version=&#8221;4.16&#8243; _module_preset=&#8221;default&#8221; custom_margin=&#8221;164px||164px||true|false&#8221; custom_margin_tablet=&#8221;&#8221; custom_margin_phone=&#8221;0px||0px||true|false&#8221; custom_margin_last_edited=&#8221;on|phone&#8221; global_colors_info=&#8221;{}&#8221;][et_pb_column type=&#8221;1_2&#8243; _builder_version=&#8221;4.16&#8243; _module_preset=&#8221;default&#8221; global_colors_info=&#8221;{}&#8221;][et_pb_text _builder_version=&#8221;4.24.0&#8243; _module_preset=&#8221;default&#8221; text_font=&#8221;Stardos Stencil|700|||||||&#8221; text_text_color=&#8221;rgba(38,106,127,0.76)&#8221; text_font_size=&#8221;30px&#8221; text_line_height=&#8221;1.2em&#8221; custom_margin_tablet=&#8221;&#8221; custom_margin_phone=&#8221;73px|||105px|false|false&#8221; custom_margin_last_edited=&#8221;on|phone&#8221; text_font_size_tablet=&#8221;&#8221; text_font_size_phone=&#8221;17px&#8221; text_font_size_last_edited=&#8221;on|phone&#8221; text_line_height_tablet=&#8221;&#8221; text_line_height_phone=&#8221;&#8221; text_line_height_last_edited=&#8221;on|phone&#8221; global_colors_info=&#8221;{}&#8221;]Mein Motto: Think first. But do.<br \/>\nDenn Zukunft ist das,<br \/>\nwas wir daraus machen![\/et_pb_text][\/et_pb_column][et_pb_column type=&#8221;1_2&#8243; _builder_version=&#8221;4.16&#8243; _module_preset=&#8221;default&#8221; global_colors_info=&#8221;{}&#8221;][\/et_pb_column][\/et_pb_row][\/et_pb_section]<\/p>","protected":false},"excerpt":{"rendered":"<p>&#8220;Wir alle sind sehr besch\u00e4ftigt. K\u00fcmmert sich eigentlich irgendjemand um unsere Zukunft?&#8221;PersonWas verbindet D\u00f6rfer in Nepal mit der Digitalisierung? Was haben afrikanische Slums mit moderner F\u00fchrung zu tun? Und wie gelingt es, Wirtschaft und Kultur auf einen Nenner zu bringen? Als Ethnologe und Wirtschaftskenner zieht\u00a0Bernhard Krusche\u00a0Verbindungen, die auf den ersten Blick ungew\u00f6hnlich erscheinen, dann aber [&hellip;]<\/p>","protected":false},"author":1,"featured_media":0,"parent":0,"menu_order":0,"comment_status":"closed","ping_status":"closed","template":"","meta":{"_et_pb_use_builder":"on","_et_pb_old_content":"","_et_gb_content_width":"","footnotes":""},"yoast_head":"<!-- This site is optimized with the Yoast SEO plugin v22.9 - https:\/\/yoast.com\/wordpress\/plugins\/seo\/ -->\n<title>Home - Bernhard Krusche<\/title>\n<meta name=\"robots\" content=\"index, follow, max-snippet:-1, max-image-preview:large, max-video-preview:-1\" \/>\n<link rel=\"canonical\" href=\"https:\/\/bernhardkrusche.com\/en\/\" \/>\n<meta property=\"og:locale\" content=\"en_US\" \/>\n<meta property=\"og:type\" content=\"article\" \/>\n<meta property=\"og:title\" content=\"Home - Bernhard Krusche\" \/>\n<meta property=\"og:description\" content=\"&quot;Wir alle sind sehr besch\u00e4ftigt. K\u00fcmmert sich eigentlich irgendjemand um unsere Zukunft?&quot;PersonWas verbindet D\u00f6rfer in Nepal mit der Digitalisierung? Was haben afrikanische Slums mit moderner F\u00fchrung zu tun? Und wie gelingt es, Wirtschaft und Kultur auf einen Nenner zu bringen? Als Ethnologe und Wirtschaftskenner zieht\u00a0Bernhard Krusche\u00a0Verbindungen, die auf den ersten Blick ungew\u00f6hnlich erscheinen, dann aber [&hellip;]\" \/>\n<meta property=\"og:url\" content=\"https:\/\/bernhardkrusche.com\/en\/\" \/>\n<meta property=\"og:site_name\" content=\"Bernhard Krusche\" \/>\n<meta property=\"article:modified_time\" content=\"2024-05-10T08:03:38+00:00\" \/>\n<meta name=\"twitter:card\" content=\"summary_large_image\" \/>\n<meta name=\"twitter:label1\" content=\"Est. reading time\" \/>\n\t<meta name=\"twitter:data1\" content=\"10 minutes\" \/>\n<script type=\"application\/ld+json\" class=\"yoast-schema-graph\">{\"@context\":\"https:\/\/schema.org\",\"@graph\":[{\"@type\":\"WebPage\",\"@id\":\"https:\/\/bernhardkrusche.com\/\",\"url\":\"https:\/\/bernhardkrusche.com\/\",\"name\":\"Home - Bernhard Krusche\",\"isPartOf\":{\"@id\":\"https:\/\/bernhardkrusche.com\/#website\"},\"datePublished\":\"2021-01-11T04:47:07+00:00\",\"dateModified\":\"2024-05-10T08:03:38+00:00\",\"breadcrumb\":{\"@id\":\"https:\/\/bernhardkrusche.com\/#breadcrumb\"},\"inLanguage\":\"en-US\",\"potentialAction\":[{\"@type\":\"ReadAction\",\"target\":[\"https:\/\/bernhardkrusche.com\/\"]}]},{\"@type\":\"BreadcrumbList\",\"@id\":\"https:\/\/bernhardkrusche.com\/#breadcrumb\",\"itemListElement\":[{\"@type\":\"ListItem\",\"position\":1,\"name\":\"Startseite\",\"item\":\"https:\/\/bernhardkrusche.com\/\"},{\"@type\":\"ListItem\",\"position\":2,\"name\":\"Home\"}]},{\"@type\":\"WebSite\",\"@id\":\"https:\/\/bernhardkrusche.com\/#website\",\"url\":\"https:\/\/bernhardkrusche.com\/\",\"name\":\"Bernhard Krusche\",\"description\":\"Bernhard Krusche\",\"potentialAction\":[{\"@type\":\"SearchAction\",\"target\":{\"@type\":\"EntryPoint\",\"urlTemplate\":\"https:\/\/bernhardkrusche.com\/?s={search_term_string}\"},\"query-input\":\"required name=search_term_string\"}],\"inLanguage\":\"en-US\"}]}<\/script>\n<!-- \/ Yoast SEO plugin. -->","yoast_head_json":{"title":"Home - Bernhard Krusche","robots":{"index":"index","follow":"follow","max-snippet":"max-snippet:-1","max-image-preview":"max-image-preview:large","max-video-preview":"max-video-preview:-1"},"canonical":"https:\/\/bernhardkrusche.com\/en\/","og_locale":"en_US","og_type":"article","og_title":"Home - Bernhard Krusche","og_description":"\"Wir alle sind sehr besch\u00e4ftigt. K\u00fcmmert sich eigentlich irgendjemand um unsere Zukunft?\"PersonWas verbindet D\u00f6rfer in Nepal mit der Digitalisierung? Was haben afrikanische Slums mit moderner F\u00fchrung zu tun? Und wie gelingt es, Wirtschaft und Kultur auf einen Nenner zu bringen? Als Ethnologe und Wirtschaftskenner zieht\u00a0Bernhard Krusche\u00a0Verbindungen, die auf den ersten Blick ungew\u00f6hnlich erscheinen, dann aber [&hellip;]","og_url":"https:\/\/bernhardkrusche.com\/en\/","og_site_name":"Bernhard Krusche","article_modified_time":"2024-05-10T08:03:38+00:00","twitter_card":"summary_large_image","twitter_misc":{"Est. reading time":"10 minutes"},"schema":{"@context":"https:\/\/schema.org","@graph":[{"@type":"WebPage","@id":"https:\/\/bernhardkrusche.com\/","url":"https:\/\/bernhardkrusche.com\/","name":"Home - Bernhard Krusche","isPartOf":{"@id":"https:\/\/bernhardkrusche.com\/#website"},"datePublished":"2021-01-11T04:47:07+00:00","dateModified":"2024-05-10T08:03:38+00:00","breadcrumb":{"@id":"https:\/\/bernhardkrusche.com\/#breadcrumb"},"inLanguage":"en-US","potentialAction":[{"@type":"ReadAction","target":["https:\/\/bernhardkrusche.com\/"]}]},{"@type":"BreadcrumbList","@id":"https:\/\/bernhardkrusche.com\/#breadcrumb","itemListElement":[{"@type":"ListItem","position":1,"name":"Startseite","item":"https:\/\/bernhardkrusche.com\/"},{"@type":"ListItem","position":2,"name":"Home"}]},{"@type":"WebSite","@id":"https:\/\/bernhardkrusche.com\/#website","url":"https:\/\/bernhardkrusche.com\/","name":"Bernhard Krusche","description":"Bernhard Krusche","potentialAction":[{"@type":"SearchAction","target":{"@type":"EntryPoint","urlTemplate":"https:\/\/bernhardkrusche.com\/?s={search_term_string}"},"query-input":"required name=search_term_string"}],"inLanguage":"en-US"}]}},"_links":{"self":[{"href":"https:\/\/bernhardkrusche.com\/en\/wp-json\/wp\/v2\/pages\/23"}],"collection":[{"href":"https:\/\/bernhardkrusche.com\/en\/wp-json\/wp\/v2\/pages"}],"about":[{"href":"https:\/\/bernhardkrusche.com\/en\/wp-json\/wp\/v2\/types\/page"}],"author":[{"embeddable":true,"href":"https:\/\/bernhardkrusche.com\/en\/wp-json\/wp\/v2\/users\/1"}],"replies":[{"embeddable":true,"href":"https:\/\/bernhardkrusche.com\/en\/wp-json\/wp\/v2\/comments?post=23"}],"version-history":[{"count":19,"href":"https:\/\/bernhardkrusche.com\/en\/wp-json\/wp\/v2\/pages\/23\/revisions"}],"predecessor-version":[{"id":506,"href":"https:\/\/bernhardkrusche.com\/en\/wp-json\/wp\/v2\/pages\/23\/revisions\/506"}],"wp:attachment":[{"href":"https:\/\/bernhardkrusche.com\/en\/wp-json\/wp\/v2\/media?parent=23"}],"curies":[{"name":"wp","href":"https:\/\/api.w.org\/{rel}","templated":true}]}}